{"id":2154,"date":"2023-02-27T19:54:53","date_gmt":"2023-02-27T19:54:53","guid":{"rendered":"https:\/\/urbangrad.ba\/?page_id=2154"},"modified":"2023-03-02T20:36:48","modified_gmt":"2023-03-02T20:36:48","slug":"certificates","status":"publish","type":"page","link":"https:\/\/www.urbangrad.ba\/sl\/certificates\/","title":{"rendered":"Potrdila"},"content":{"rendered":"<div data-elementor-type=\"wp-page\" data-elementor-id=\"2154\" class=\"elementor elementor-2154\" data-elementor-post-type=\"page\">\n\t\t\t\t\t\t<section class=\"elementor-section elementor-top-section elementor-element elementor-element-5b2800c elementor-section-boxed elementor-section-height-default elementor-section-height-default\" data-id=\"5b2800c\" data-element_type=\"section\">\n\t\t\t\t\t\t<div class=\"elementor-container elementor-column-gap-default\">\n\t\t\t\t\t<div class=\"elementor-column elementor-col-100 elementor-top-column elementor-element elementor-element-fdccd4b\" data-id=\"fdccd4b\" data-element_type=\"column\">\n\t\t\t<div class=\"elementor-widget-wrap elementor-element-populated\">\n\t\t\t\t\t\t<div class=\"elementor-element elementor-element-33ea271 elementor-widget elementor-widget-text-editor\" data-id=\"33ea271\" data-element_type=\"widget\" data-widget_type=\"text-editor.default\">\n\t\t\t\t<div class=\"elementor-widget-container\">\n\t\t\t\t\t\t\t\t\t<p>Na\u0161a proizvodnja jeklenih konstrukcij v celoti ustreza vsem standardom in predpisom. Pridobili smo vse potrebne certifikate, ki potrjujejo kakovost na\u0161ih izdelkov in proizvodnih procesov. To vklju\u010duje certifikate EN1090-2 za varjene jeklene konstrukcije, EN3834-2 za varjene sklope, EN1090-4 za proizvodnjo tankostenskih profilov in CE certifikate za skladnost z direktivami EU.<\/p><p>Na\u0161 cilj je zagotoviti varne in visokokakovostne jeklene konstrukcije, ki bodo zadovoljile vse va\u0161e potrebe in zahteve. Prepri\u010dani smo, da bomo zadovoljili tudi najzahtevnej\u0161e standarde in zahteve na\u0161ih strank.<\/p>\t\t\t\t\t\t\t\t<\/div>\n\t\t\t\t<\/div>\n\t\t\t\t\t<\/div>\n\t\t<\/div>\n\t\t\t\t\t<\/div>\n\t\t<\/section>\n\t\t\t\t<section class=\"elementor-section elementor-top-section elementor-element elementor-element-34e36ea elementor-section-boxed elementor-section-height-default elementor-section-height-default\" data-id=\"34e36ea\" data-element_type=\"section\">\n\t\t\t\t\t\t<div class=\"elementor-container elementor-column-gap-default\">\n\t\t\t\t\t<div class=\"elementor-column elementor-col-50 elementor-top-column elementor-element elementor-element-d13ad11\" data-id=\"d13ad11\" data-element_type=\"column\">\n\t\t\t<div class=\"elementor-widget-wrap elementor-element-populated\">\n\t\t\t\t\t\t<div class=\"elementor-element elementor-element-ef37a81 elementor-widget elementor-widget-image\" data-id=\"ef37a81\" data-element_type=\"widget\" data-widget_type=\"image.default\">\n\t\t\t\t<div class=\"elementor-widget-container\">\n\t\t\t\t\t\t\t\t\t\t\t\t\t\t\t<img width=\"725\" height=\"1024\" class=\"attachment-large size-large wp-image-2313\" alt=\"\" sizes=\"(max-width: 725px) 100vw, 725px\" data-data-src=\"https:\/\/www.urbangrad.ba\/wp-content\/uploads\/2023\/03\/Urbangrad-Zert-3834-1-725x1024.png\" data-data-srcset=\"https:\/\/www.urbangrad.ba\/wp-content\/uploads\/2023\/03\/Urbangrad-Zert-3834-1-725x1024.png 725w, https:\/\/www.urbangrad.ba\/wp-content\/uploads\/2023\/03\/Urbangrad-Zert-3834-1-212x300.png 212w, https:\/\/www.urbangrad.ba\/wp-content\/uploads\/2023\/03\/Urbangrad-Zert-3834-1-768x1085.png 768w, https:\/\/www.urbangrad.ba\/wp-content\/uploads\/2023\/03\/Urbangrad-Zert-3834-1.png 794w\" srcset=\"https:\/\/www.urbangrad.ba\/wp-content\/uploads\/2023\/03\/Urbangrad-Zert-3834-1-725x1024.png 725w, https:\/\/www.urbangrad.ba\/wp-content\/uploads\/2023\/03\/Urbangrad-Zert-3834-1-212x300.png 212w, https:\/\/www.urbangrad.ba\/wp-content\/uploads\/2023\/03\/Urbangrad-Zert-3834-1-768x1085.png 768w, https:\/\/www.urbangrad.ba\/wp-content\/uploads\/2023\/03\/Urbangrad-Zert-3834-1.png 794w\" \/>\t\t\t\t\t\t\t\t\t\t\t\t\t\t\t<\/div>\n\t\t\t\t<\/div>\n\t\t\t\t\t<\/div>\n\t\t<\/div>\n\t\t\t\t<div class=\"elementor-column elementor-col-50 elementor-top-column elementor-element elementor-element-1f14e8a\" data-id=\"1f14e8a\" data-element_type=\"column\">\n\t\t\t<div class=\"elementor-widget-wrap elementor-element-populated\">\n\t\t\t\t\t\t<div class=\"elementor-element elementor-element-0de74e5 elementor-widget elementor-widget-image\" data-id=\"0de74e5\" data-element_type=\"widget\" data-widget_type=\"image.default\">\n\t\t\t\t<div class=\"elementor-widget-container\">\n\t\t\t\t\t\t\t\t\t\t\t\t\t\t\t<img width=\"725\" height=\"1024\" class=\"attachment-large size-large wp-image-2312\" alt=\"\" sizes=\"(max-width: 725px) 100vw, 725px\" data-data-src=\"https:\/\/www.urbangrad.ba\/wp-content\/uploads\/2023\/03\/Urbangrad-Zert-1090-2-ENG-1_Page1-725x1024.png\" data-data-srcset=\"https:\/\/www.urbangrad.ba\/wp-content\/uploads\/2023\/03\/Urbangrad-Zert-1090-2-ENG-1_Page1-725x1024.png 725w, https:\/\/www.urbangrad.ba\/wp-content\/uploads\/2023\/03\/Urbangrad-Zert-1090-2-ENG-1_Page1-212x300.png 212w, https:\/\/www.urbangrad.ba\/wp-content\/uploads\/2023\/03\/Urbangrad-Zert-1090-2-ENG-1_Page1-768x1085.png 768w, https:\/\/www.urbangrad.ba\/wp-content\/uploads\/2023\/03\/Urbangrad-Zert-1090-2-ENG-1_Page1.png 794w\" srcset=\"https:\/\/www.urbangrad.ba\/wp-content\/uploads\/2023\/03\/Urbangrad-Zert-1090-2-ENG-1_Page1-725x1024.png 725w, https:\/\/www.urbangrad.ba\/wp-content\/uploads\/2023\/03\/Urbangrad-Zert-1090-2-ENG-1_Page1-212x300.png 212w, https:\/\/www.urbangrad.ba\/wp-content\/uploads\/2023\/03\/Urbangrad-Zert-1090-2-ENG-1_Page1-768x1085.png 768w, https:\/\/www.urbangrad.ba\/wp-content\/uploads\/2023\/03\/Urbangrad-Zert-1090-2-ENG-1_Page1.png 794w\" \/>\t\t\t\t\t\t\t\t\t\t\t\t\t\t\t<\/div>\n\t\t\t\t<\/div>\n\t\t\t\t\t<\/div>\n\t\t<\/div>\n\t\t\t\t\t<\/div>\n\t\t<\/section>\n\t\t\t\t<section class=\"elementor-section elementor-top-section elementor-element elementor-element-4100707 elementor-section-boxed elementor-section-height-default elementor-section-height-default\" data-id=\"4100707\" data-element_type=\"section\">\n\t\t\t\t\t\t<div class=\"elementor-container elementor-column-gap-default\">\n\t\t\t\t\t<div class=\"elementor-column elementor-col-50 elementor-top-column elementor-element elementor-element-aef425b\" data-id=\"aef425b\" data-element_type=\"column\">\n\t\t\t<div class=\"elementor-widget-wrap elementor-element-populated\">\n\t\t\t\t\t\t<div class=\"elementor-element elementor-element-7e6bc52 elementor-widget elementor-widget-image\" data-id=\"7e6bc52\" data-element_type=\"widget\" data-widget_type=\"image.default\">\n\t\t\t\t<div class=\"elementor-widget-container\">\n\t\t\t\t\t\t\t\t\t\t\t\t\t\t\t<img width=\"725\" height=\"1024\" class=\"attachment-large size-large wp-image-2311\" alt=\"\" sizes=\"(max-width: 725px) 100vw, 725px\" data-data-src=\"https:\/\/www.urbangrad.ba\/wp-content\/uploads\/2023\/03\/Urbangrad-Zert-1090-2-D-1_Page1-725x1024.png\" data-data-srcset=\"https:\/\/www.urbangrad.ba\/wp-content\/uploads\/2023\/03\/Urbangrad-Zert-1090-2-D-1_Page1-725x1024.png 725w, https:\/\/www.urbangrad.ba\/wp-content\/uploads\/2023\/03\/Urbangrad-Zert-1090-2-D-1_Page1-212x300.png 212w, https:\/\/www.urbangrad.ba\/wp-content\/uploads\/2023\/03\/Urbangrad-Zert-1090-2-D-1_Page1-768x1085.png 768w, https:\/\/www.urbangrad.ba\/wp-content\/uploads\/2023\/03\/Urbangrad-Zert-1090-2-D-1_Page1.png 794w\" srcset=\"https:\/\/www.urbangrad.ba\/wp-content\/uploads\/2023\/03\/Urbangrad-Zert-1090-2-D-1_Page1-725x1024.png 725w, https:\/\/www.urbangrad.ba\/wp-content\/uploads\/2023\/03\/Urbangrad-Zert-1090-2-D-1_Page1-212x300.png 212w, https:\/\/www.urbangrad.ba\/wp-content\/uploads\/2023\/03\/Urbangrad-Zert-1090-2-D-1_Page1-768x1085.png 768w, https:\/\/www.urbangrad.ba\/wp-content\/uploads\/2023\/03\/Urbangrad-Zert-1090-2-D-1_Page1.png 794w\" \/>\t\t\t\t\t\t\t\t\t\t\t\t\t\t\t<\/div>\n\t\t\t\t<\/div>\n\t\t\t\t\t<\/div>\n\t\t<\/div>\n\t\t\t\t<div class=\"elementor-column elementor-col-50 elementor-top-column elementor-element elementor-element-b5b348c\" data-id=\"b5b348c\" data-element_type=\"column\">\n\t\t\t<div class=\"elementor-widget-wrap elementor-element-populated\">\n\t\t\t\t\t\t<div class=\"elementor-element elementor-element-c5092c1 elementor-widget elementor-widget-image\" data-id=\"c5092c1\" data-element_type=\"widget\" data-widget_type=\"image.default\">\n\t\t\t\t<div class=\"elementor-widget-container\">\n\t\t\t\t\t\t\t\t\t\t\t\t\t\t\t<img width=\"725\" height=\"1024\" class=\"attachment-large size-large wp-image-2310\" alt=\"\" sizes=\"(max-width: 725px) 100vw, 725px\" data-data-src=\"https:\/\/www.urbangrad.ba\/wp-content\/uploads\/2023\/03\/Urbangrad-Zert-WPK-1090-4-1-725x1024.png\" data-data-srcset=\"https:\/\/www.urbangrad.ba\/wp-content\/uploads\/2023\/03\/Urbangrad-Zert-WPK-1090-4-1-725x1024.png 725w, https:\/\/www.urbangrad.ba\/wp-content\/uploads\/2023\/03\/Urbangrad-Zert-WPK-1090-4-1-212x300.png 212w, https:\/\/www.urbangrad.ba\/wp-content\/uploads\/2023\/03\/Urbangrad-Zert-WPK-1090-4-1-768x1085.png 768w, https:\/\/www.urbangrad.ba\/wp-content\/uploads\/2023\/03\/Urbangrad-Zert-WPK-1090-4-1.png 794w\" srcset=\"https:\/\/www.urbangrad.ba\/wp-content\/uploads\/2023\/03\/Urbangrad-Zert-WPK-1090-4-1-725x1024.png 725w, https:\/\/www.urbangrad.ba\/wp-content\/uploads\/2023\/03\/Urbangrad-Zert-WPK-1090-4-1-212x300.png 212w, https:\/\/www.urbangrad.ba\/wp-content\/uploads\/2023\/03\/Urbangrad-Zert-WPK-1090-4-1-768x1085.png 768w, https:\/\/www.urbangrad.ba\/wp-content\/uploads\/2023\/03\/Urbangrad-Zert-WPK-1090-4-1.png 794w\" \/>\t\t\t\t\t\t\t\t\t\t\t\t\t\t\t<\/div>\n\t\t\t\t<\/div>\n\t\t\t\t\t<\/div>\n\t\t<\/div>\n\t\t\t\t\t<\/div>\n\t\t<\/section>\n\t\t\t\t<\/div>","protected":false},"excerpt":{"rendered":"<p>Our production of steel structures fully complies with all standards and regulations. We have secured all the necessary certificates that confirm the quality of our products and production processes. This includes certificates EN1090-2 for welded steel constructions, EN3834-2 for welded assemblies, EN1090-4 for the production of thin-walled profiles, accordingly and CE certificates for compliance with <\/p>","protected":false},"author":1,"featured_media":0,"parent":0,"menu_order":0,"comment_status":"closed","ping_status":"closed","template":"","meta":{"footnotes":""},"class_list":["post-2154","page","type-page","status-publish","hentry"],"_links":{"self":[{"href":"https:\/\/www.urbangrad.ba\/sl\/wp-json\/wp\/v2\/pages\/2154","targetHints":{"allow":["GET"]}}],"collection":[{"href":"https:\/\/www.urbangrad.ba\/sl\/wp-json\/wp\/v2\/pages"}],"about":[{"href":"https:\/\/www.urbangrad.ba\/sl\/wp-json\/wp\/v2\/types\/page"}],"author":[{"embeddable":true,"href":"https:\/\/www.urbangrad.ba\/sl\/wp-json\/wp\/v2\/users\/1"}],"replies":[{"embeddable":true,"href":"https:\/\/www.urbangrad.ba\/sl\/wp-json\/wp\/v2\/comments?post=2154"}],"version-history":[{"count":17,"href":"https:\/\/www.urbangrad.ba\/sl\/wp-json\/wp\/v2\/pages\/2154\/revisions"}],"predecessor-version":[{"id":2476,"href":"https:\/\/www.urbangrad.ba\/sl\/wp-json\/wp\/v2\/pages\/2154\/revisions\/2476"}],"wp:attachment":[{"href":"https:\/\/www.urbangrad.ba\/sl\/wp-json\/wp\/v2\/media?parent=2154"}],"curies":[{"name":"delovni list","href":"https:\/\/api.w.org\/{rel}","templated":true}]}}