{"id":2664,"date":"2021-07-04T15:22:54","date_gmt":"2021-07-04T15:22:54","guid":{"rendered":"http:\/\/localhost:8888\/royarch\/?page_id=12"},"modified":"2026-01-23T21:41:37","modified_gmt":"2026-01-23T20:41:37","slug":"home-3","status":"publish","type":"page","link":"https:\/\/www.urbangrad.ba\/sl\/","title":{"rendered":"Mestno mesto"},"content":{"rendered":"<div data-elementor-type=\"wp-page\" data-elementor-id=\"2664\" class=\"elementor elementor-2664\" data-elementor-post-type=\"page\">\n\t\t\t\t\t\t<section class=\"elementor-section elementor-top-section elementor-element elementor-element-3561dd3 elementor-section-full_width elementor-section-height-default elementor-section-height-default\" data-id=\"3561dd3\" data-element_type=\"section\">\n\t\t\t\t\t\t<div class=\"elementor-container elementor-column-gap-no\">\n\t\t\t\t\t<div class=\"elementor-column elementor-col-33 elementor-top-column elementor-element elementor-element-c11302b\" data-id=\"c11302b\" data-element_type=\"column\" data-settings=\"{&quot;background_background&quot;:&quot;classic&quot;}\">\n\t\t\t<div class=\"elementor-widget-wrap elementor-element-populated\">\n\t\t\t\t\t\t<div class=\"elementor-element elementor-element-8bc6c0f elementor-position-top elementor-widget elementor-widget-image-box\" data-id=\"8bc6c0f\" data-element_type=\"widget\" data-widget_type=\"image-box.default\">\n\t\t\t\t<div class=\"elementor-widget-container\">\n\t\t\t\t\t<div class=\"elementor-image-box-wrapper\"><figure class=\"elementor-image-box-img\"><a href=\"https:\/\/www.urbangrad.ba\/sl\/celicne-konstrukcije-i-mezanine\/\" tabindex=\"-1\"><img data-src=\"https:\/\/www.urbangrad.ba\/wp-content\/uploads\/elementor\/thumbs\/cc-qriyqj8vyzsu0frzzesqg7mbqbncdu1vuwfhhun5vg.jpg\" title=\"cc\" alt=\"cc\" loading=\"lazy\" \/><\/a><\/figure><\/div>\t\t\t\t<\/div>\n\t\t\t\t<\/div>\n\t\t\t\t<div class=\"elementor-element elementor-element-4885840 elementor-widget elementor-widget-heading\" data-id=\"4885840\" data-element_type=\"widget\" data-widget_type=\"heading.default\">\n\t\t\t\t<div class=\"elementor-widget-container\">\n\t\t\t\t\t<h2 class=\"elementor-heading-title elementor-size-default\"><a href=\"https:\/\/www.urbangrad.ba\/sl\/celicne-konstrukcije-i-mezanine\/\">PROIZVODNJA JEKLENIH KONSTRUKCIJ <\/a><\/h2>\t\t\t\t<\/div>\n\t\t\t\t<\/div>\n\t\t\t\t<div class=\"elementor-element elementor-element-99bf499 elementor-widget elementor-widget-heading\" data-id=\"99bf499\" data-element_type=\"widget\" data-widget_type=\"heading.default\">\n\t\t\t\t<div class=\"elementor-widget-container\">\n\t\t\t\t\t<span class=\"elementor-heading-title elementor-size-default\"><a href=\"https:\/\/www.urbangrad.ba\/sl\/celicne-konstrukcije-i-mezanine\/\">V na\u0161em poslovanju smo zavezani vrhunski kakovosti. Na\u0161a strastna predanost kakovosti se odra\u017ea v strogem nadzoru vsakega koraka proizvodnje, da zagotovimo, da na\u0161i kovinski izdelki izpolnjujejo najvi\u0161je standarde. Ne glede na va\u0161e potrebe pri obdelavi kovin vam zagotavljamo izdelek, ki bo prestal preizkus \u010dasa.<\/a><\/span>\t\t\t\t<\/div>\n\t\t\t\t<\/div>\n\t\t\t\t\t<\/div>\n\t\t<\/div>\n\t\t\t\t<div class=\"elementor-column elementor-col-33 elementor-top-column elementor-element elementor-element-646f1c7\" data-id=\"646f1c7\" data-element_type=\"column\" data-settings=\"{&quot;background_background&quot;:&quot;classic&quot;}\">\n\t\t\t<div class=\"elementor-widget-wrap elementor-element-populated\">\n\t\t\t\t\t\t<div class=\"elementor-element elementor-element-7d99ca1 elementor-position-top elementor-widget elementor-widget-image-box\" data-id=\"7d99ca1\" data-element_type=\"widget\" data-widget_type=\"image-box.default\">\n\t\t\t\t<div class=\"elementor-widget-container\">\n\t\t\t\t\t<div class=\"elementor-image-box-wrapper\"><figure class=\"elementor-image-box-img\"><a href=\"https:\/\/www.urbangrad.ba\/sl\/c-i-z-profili\/\" tabindex=\"-1\"><img data-src=\"https:\/\/www.urbangrad.ba\/wp-content\/uploads\/elementor\/thumbs\/cz-qriyql4kcnvennp9oflzl758x3e2t89cj5qggekdj0.jpg\" title=\"\u010de\u0161\u010dina\" alt=\"cz\" loading=\"lazy\" \/><\/a><\/figure><\/div>\t\t\t\t<\/div>\n\t\t\t\t<\/div>\n\t\t\t\t<div class=\"elementor-element elementor-element-0732d83 elementor-widget elementor-widget-heading\" data-id=\"0732d83\" data-element_type=\"widget\" data-widget_type=\"heading.default\">\n\t\t\t\t<div class=\"elementor-widget-container\">\n\t\t\t\t\t<h2 class=\"elementor-heading-title elementor-size-default\"><a href=\"https:\/\/www.urbangrad.ba\/sl\/c-i-z-profili\/\">IZDELAVA C IN Z PROFILOV<\/a><\/h2>\t\t\t\t<\/div>\n\t\t\t\t<\/div>\n\t\t\t\t<div class=\"elementor-element elementor-element-de3fe46 elementor-widget elementor-widget-heading\" data-id=\"de3fe46\" data-element_type=\"widget\" data-widget_type=\"heading.default\">\n\t\t\t\t<div class=\"elementor-widget-container\">\n\t\t\t\t\t<span class=\"elementor-heading-title elementor-size-default\"><a href=\"https:\/\/www.urbangrad.ba\/sl\/c-i-z-profili\/\">C in Z profili predstavljajo vrhunsko podlago v monta\u017eni gradnji. Na\u0161i profili ponujajo visoko nosilnost, enostavno monta\u017eo in vzdr\u017eljivost, zato se prilagajajo razli\u010dnim potrebam industrijskih, komercialnih in stanovanjskih projektov. S skrbno izdelanimi C in Z profili gradite varno prihodnost za svoje objekte.\"<\/a><\/span>\t\t\t\t<\/div>\n\t\t\t\t<\/div>\n\t\t\t\t\t<\/div>\n\t\t<\/div>\n\t\t\t\t<div class=\"elementor-column elementor-col-33 elementor-top-column elementor-element elementor-element-b05d5e3\" data-id=\"b05d5e3\" data-element_type=\"column\" data-settings=\"{&quot;background_background&quot;:&quot;classic&quot;}\">\n\t\t\t<div class=\"elementor-widget-wrap elementor-element-populated\">\n\t\t\t\t\t\t<div class=\"elementor-element elementor-element-79904ac elementor-position-top elementor-widget elementor-widget-image-box\" data-id=\"79904ac\" data-element_type=\"widget\" data-widget_type=\"image-box.default\">\n\t\t\t\t<div class=\"elementor-widget-container\">\n\t\t\t\t\t<div class=\"elementor-image-box-wrapper\"><figure class=\"elementor-image-box-img\"><a href=\"https:\/\/www.urbangrad.ba\/sl\/lasersko-rezanje-savijanje-i-zavarivanje\/\" tabindex=\"-1\"><img data-src=\"https:\/\/www.urbangrad.ba\/wp-content\/uploads\/elementor\/thumbs\/cnc-qriyql4kcnvennp9oflzl758x3e2t89cj5qggekdj0.jpg\" title=\"cnc\" alt=\"cnc\" loading=\"lazy\" \/><\/a><\/figure><\/div>\t\t\t\t<\/div>\n\t\t\t\t<\/div>\n\t\t\t\t<div class=\"elementor-element elementor-element-708d717 elementor-widget elementor-widget-heading\" data-id=\"708d717\" data-element_type=\"widget\" data-widget_type=\"heading.default\">\n\t\t\t\t<div class=\"elementor-widget-container\">\n\t\t\t\t\t<h2 class=\"elementor-heading-title elementor-size-default\"><a href=\"https:\/\/www.urbangrad.ba\/sl\/lasersko-rezanje-savijanje-i-zavarivanje\/\">OBDELAVA PLO\u010cEVINE<\/a><\/h2>\t\t\t\t<\/div>\n\t\t\t\t<\/div>\n\t\t\t\t<div class=\"elementor-element elementor-element-0083e86 elementor-widget elementor-widget-heading\" data-id=\"0083e86\" data-element_type=\"widget\" data-widget_type=\"heading.default\">\n\t\t\t\t<div class=\"elementor-widget-container\">\n\t\t\t\t\t<span class=\"elementor-heading-title elementor-size-default\"><a href=\"https:\/\/www.urbangrad.ba\/sl\/lasersko-rezanje-savijanje-i-zavarivanje\/\">Na\u0161e storitve vklju\u010dujejo natan\u010dno lasersko rezanje, skrbno krivljenje in strokovno varjenje plo\u010devine. Z visokokakovostno opremo in profesionalno ekipo zagotavljamo re\u0161itve, prilagojene va\u0161im potrebam, ter vsakemu projektu zagotavljamo kakovost in estetiko.<\/a><\/span>\t\t\t\t<\/div>\n\t\t\t\t<\/div>\n\t\t\t\t\t<\/div>\n\t\t<\/div>\n\t\t\t\t\t<\/div>\n\t\t<\/section>\n\t\t\t\t<section class=\"elementor-section elementor-top-section elementor-element elementor-element-9f86bb8 elementor-section-full_width elementor-section-height-default elementor-section-height-default\" data-id=\"9f86bb8\" data-element_type=\"section\" data-settings=\"{&quot;background_background&quot;:&quot;classic&quot;}\">\n\t\t\t\t\t\t<div class=\"elementor-container elementor-column-gap-no\">\n\t\t\t\t\t<div class=\"elementor-column elementor-col-100 elementor-top-column elementor-element elementor-element-6295b1b\" data-id=\"6295b1b\" data-element_type=\"column\">\n\t\t\t<div class=\"elementor-widget-wrap elementor-element-populated\">\n\t\t\t\t\t\t<div class=\"elementor-element elementor-element-8ca28e5 elementor-widget elementor-widget-heading\" data-id=\"8ca28e5\" data-element_type=\"widget\" data-widget_type=\"heading.default\">\n\t\t\t\t<div class=\"elementor-widget-container\">\n\t\t\t\t\t<h2 class=\"elementor-heading-title elementor-size-default\">Na\u0161a kakovost, va\u0161a varnost \u2013 skupaj v skladu s standardi ISO<\/h2>\t\t\t\t<\/div>\n\t\t\t\t<\/div>\n\t\t\t\t\t<\/div>\n\t\t<\/div>\n\t\t\t\t\t<\/div>\n\t\t<\/section>\n\t\t\t\t<section class=\"elementor-section elementor-top-section elementor-element elementor-element-2b335d2 elementor-section-full_width elementor-section-height-default elementor-section-height-default\" data-id=\"2b335d2\" data-element_type=\"section\" data-settings=\"{&quot;background_background&quot;:&quot;classic&quot;}\">\n\t\t\t\t\t\t<div class=\"elementor-container elementor-column-gap-default\">\n\t\t\t\t\t<div class=\"elementor-column elementor-col-25 elementor-top-column elementor-element elementor-element-bad4646\" data-id=\"bad4646\" data-element_type=\"column\">\n\t\t\t<div class=\"elementor-widget-wrap elementor-element-populated\">\n\t\t\t\t\t\t<div class=\"elementor-element elementor-element-050d4b2 elementor-widget elementor-widget-image\" data-id=\"050d4b2\" data-element_type=\"widget\" data-widget_type=\"image.default\">\n\t\t\t\t<div class=\"elementor-widget-container\">\n\t\t\t\t\t\t\t\t\t\t\t\t\t\t\t\t<a href=\"https:\/\/urbangrad.ba\/wp-content\/uploads\/2023\/11\/Urbangrad-Zert-1090-2-D-1-DE.pdf\" target=\"_blank\">\n\t\t\t\t\t\t\t<img data-src=\"https:\/\/www.urbangrad.ba\/wp-content\/uploads\/elementor\/thumbs\/Urbangrad-Zert-1090-2-D-1-DE-Copy-1-scaled-qriyql4js1p25wp7rf51ebz7wausml9zi2vj51v3vw.jpg\" title=\"Urbangrad Zert 1090-2 D-1 DE (Kopija)\" alt=\"Urbangrad Zert 1090-2 D-1 DE (Copy)\" loading=\"lazy\" \/>\t\t\t\t\t\t\t\t<\/a>\n\t\t\t\t\t\t\t\t\t\t\t\t\t\t\t<\/div>\n\t\t\t\t<\/div>\n\t\t\t\t\t<\/div>\n\t\t<\/div>\n\t\t\t\t<div class=\"elementor-column elementor-col-25 elementor-top-column elementor-element elementor-element-9b24668\" data-id=\"9b24668\" data-element_type=\"column\">\n\t\t\t<div class=\"elementor-widget-wrap elementor-element-populated\">\n\t\t\t\t\t\t<div class=\"elementor-element elementor-element-7fbde78 elementor-widget elementor-widget-image\" data-id=\"7fbde78\" data-element_type=\"widget\" data-widget_type=\"image.default\">\n\t\t\t\t<div class=\"elementor-widget-container\">\n\t\t\t\t\t\t\t\t\t\t\t\t\t\t\t\t<a href=\"https:\/\/urbangrad.ba\/wp-content\/uploads\/2023\/11\/Urbangrad-Zert-3834-1-DE.pdf\" target=\"_blank\">\n\t\t\t\t\t\t\t<img data-src=\"https:\/\/www.urbangrad.ba\/wp-content\/uploads\/elementor\/thumbs\/Urbangrad-Zert-3834-1-DE-Copy-1-scaled-qriyqny2cjsx4ql4aycx3t9loggw9ol6igtzkvqxd8.jpg\" title=\"Urbangrad Zert 3834-1 DE (Kopija)\" alt=\"Urbangrad Zert 3834-1 DE (Copy)\" loading=\"lazy\" \/>\t\t\t\t\t\t\t\t<\/a>\n\t\t\t\t\t\t\t\t\t\t\t\t\t\t\t<\/div>\n\t\t\t\t<\/div>\n\t\t\t\t\t<\/div>\n\t\t<\/div>\n\t\t\t\t<div class=\"elementor-column elementor-col-25 elementor-top-column elementor-element elementor-element-6b95ec1\" data-id=\"6b95ec1\" data-element_type=\"column\">\n\t\t\t<div class=\"elementor-widget-wrap elementor-element-populated\">\n\t\t\t\t\t\t<div class=\"elementor-element elementor-element-4cf36db elementor-widget elementor-widget-image\" data-id=\"4cf36db\" data-element_type=\"widget\" data-widget_type=\"image.default\">\n\t\t\t\t<div class=\"elementor-widget-container\">\n\t\t\t\t\t\t\t\t\t\t\t\t\t\t\t\t<a href=\"https:\/\/urbangrad.ba\/wp-content\/uploads\/2023\/11\/Urbangrad-Zert-WPK-1090-2-2-DE.pdf\" target=\"_blank\">\n\t\t\t\t\t\t\t<img data-src=\"https:\/\/www.urbangrad.ba\/wp-content\/uploads\/elementor\/thumbs\/Urbangrad-Zert-WPK-1090-2-2-DE-Copy-1-scaled-qriyqovwjdu7gcjr5grjob129uc9hdowulhh25pj70.jpg\" title=\"Urbangrad Zert WPK 1090-2-2 DE (Kopija)\" alt=\"Urbangrad Zert WPK 1090-2-2 DE (Copy)\" loading=\"lazy\" \/>\t\t\t\t\t\t\t\t<\/a>\n\t\t\t\t\t\t\t\t\t\t\t\t\t\t\t<\/div>\n\t\t\t\t<\/div>\n\t\t\t\t\t<\/div>\n\t\t<\/div>\n\t\t\t\t<div class=\"elementor-column elementor-col-25 elementor-top-column elementor-element elementor-element-b034c56\" data-id=\"b034c56\" data-element_type=\"column\">\n\t\t\t<div class=\"elementor-widget-wrap elementor-element-populated\">\n\t\t\t\t\t\t<div class=\"elementor-element elementor-element-ae29504 elementor-widget elementor-widget-image\" data-id=\"ae29504\" data-element_type=\"widget\" data-widget_type=\"image.default\">\n\t\t\t\t<div class=\"elementor-widget-container\">\n\t\t\t\t\t\t\t\t\t\t\t\t\t\t\t\t<a href=\"https:\/\/urbangrad.ba\/wp-content\/uploads\/2023\/11\/Urbangrad-Zert-WPK-1090-4-4-DE.pdf\" target=\"_blank\">\n\t\t\t\t\t\t\t<img data-src=\"https:\/\/www.urbangrad.ba\/wp-content\/uploads\/elementor\/thumbs\/Urbangrad-Zert-WPK-1090-4-4-DE-Copy-1-scaled-qriyqqrkx1ws3kh0uhkstajzgm2zwrwdiusg0pmquk.jpg\" title=\"Urbangrad Zert WPK 1090-4-4 DE (Kopija)\" alt=\"Urbangrad Zert WPK 1090-4-4 DE (Copy)\" loading=\"lazy\" \/>\t\t\t\t\t\t\t\t<\/a>\n\t\t\t\t\t\t\t\t\t\t\t\t\t\t\t<\/div>\n\t\t\t\t<\/div>\n\t\t\t\t\t<\/div>\n\t\t<\/div>\n\t\t\t\t\t<\/div>\n\t\t<\/section>\n\t\t\t\t<\/div>","protected":false},"excerpt":{"rendered":"<p>IZDELAVA JEKLENIH KONSTRUKCIJ V na\u0161em poslovanju smo zavezani vrhunski kakovosti. Na\u0161a strastna predanost kakovosti se odra\u017ea v strogem nadzoru vsakega koraka proizvodnje, da zagotovimo, da na\u0161i kovinski izdelki izpolnjujejo najvi\u0161je standarde. Ne glede na va\u0161e potrebe po obdelavi kovin vam zagotavljamo izdelek, ki bo prestal preizkus \u010dasa. IZDELAVA C IN Z PROFILOV <\/p>","protected":false},"author":1,"featured_media":0,"parent":0,"menu_order":0,"comment_status":"closed","ping_status":"closed","template":"elementor_header_footer","meta":{"footnotes":""},"class_list":["post-2664","page","type-page","status-publish","hentry"],"_links":{"self":[{"href":"https:\/\/www.urbangrad.ba\/sl\/wp-json\/wp\/v2\/pages\/2664","targetHints":{"allow":["GET"]}}],"collection":[{"href":"https:\/\/www.urbangrad.ba\/sl\/wp-json\/wp\/v2\/pages"}],"about":[{"href":"https:\/\/www.urbangrad.ba\/sl\/wp-json\/wp\/v2\/types\/page"}],"author":[{"embeddable":true,"href":"https:\/\/www.urbangrad.ba\/sl\/wp-json\/wp\/v2\/users\/1"}],"replies":[{"embeddable":true,"href":"https:\/\/www.urbangrad.ba\/sl\/wp-json\/wp\/v2\/comments?post=2664"}],"version-history":[{"count":149,"href":"https:\/\/www.urbangrad.ba\/sl\/wp-json\/wp\/v2\/pages\/2664\/revisions"}],"predecessor-version":[{"id":3378,"href":"https:\/\/www.urbangrad.ba\/sl\/wp-json\/wp\/v2\/pages\/2664\/revisions\/3378"}],"wp:attachment":[{"href":"https:\/\/www.urbangrad.ba\/sl\/wp-json\/wp\/v2\/media?parent=2664"}],"curies":[{"name":"delovni list","href":"https:\/\/api.w.org\/{rel}","templated":true}]}}