{"id":3007,"date":"2023-12-06T20:20:03","date_gmt":"2023-12-06T20:20:03","guid":{"rendered":"https:\/\/urbangrad.ba\/?page_id=3007"},"modified":"2026-01-23T21:54:34","modified_gmt":"2026-01-23T20:54:34","slug":"c-i-z-profili","status":"publish","type":"page","link":"https:\/\/www.urbangrad.ba\/sl\/c-i-z-profili\/","title":{"rendered":"C in Z profili"},"content":{"rendered":"<div data-elementor-type=\"wp-page\" data-elementor-id=\"3007\" class=\"elementor elementor-3007\" data-elementor-post-type=\"page\">\n\t\t\t\t\t\t<section class=\"elementor-section elementor-top-section elementor-element elementor-element-18e8d28 elementor-section-full_width elementor-section-height-default elementor-section-height-default\" data-id=\"18e8d28\" data-element_type=\"section\">\n\t\t\t\t\t\t<div class=\"elementor-container elementor-column-gap-default\">\n\t\t\t\t\t<div class=\"elementor-column elementor-col-100 elementor-top-column elementor-element elementor-element-790a597\" data-id=\"790a597\" data-element_type=\"column\">\n\t\t\t<div class=\"elementor-widget-wrap elementor-element-populated\">\n\t\t\t\t\t\t<div class=\"elementor-element elementor-element-572f514 elementor-widget elementor-widget-image\" data-id=\"572f514\" data-element_type=\"widget\" data-widget_type=\"image.default\">\n\t\t\t\t<div class=\"elementor-widget-container\">\n\t\t\t\t\t\t\t\t\t\t\t\t\t\t\t<img width=\"2048\" height=\"935\" class=\"attachment-2048x2048 size-2048x2048 wp-image-3014\" alt=\"\" sizes=\"(max-width: 2048px) 100vw, 2048px\" data-data-src=\"https:\/\/www.urbangrad.ba\/wp-content\/uploads\/2023\/12\/cz-web-2048x935.jpg\" data-data-srcset=\"https:\/\/www.urbangrad.ba\/wp-content\/uploads\/2023\/12\/cz-web-2048x935.jpg 2048w, https:\/\/www.urbangrad.ba\/wp-content\/uploads\/2023\/12\/cz-web-300x137.jpg 300w, https:\/\/www.urbangrad.ba\/wp-content\/uploads\/2023\/12\/cz-web-1024x468.jpg 1024w, https:\/\/www.urbangrad.ba\/wp-content\/uploads\/2023\/12\/cz-web-768x351.jpg 768w, https:\/\/www.urbangrad.ba\/wp-content\/uploads\/2023\/12\/cz-web-1536x701.jpg 1536w\" srcset=\"https:\/\/www.urbangrad.ba\/wp-content\/uploads\/2023\/12\/cz-web-2048x935.jpg 2048w, https:\/\/www.urbangrad.ba\/wp-content\/uploads\/2023\/12\/cz-web-300x137.jpg 300w, https:\/\/www.urbangrad.ba\/wp-content\/uploads\/2023\/12\/cz-web-1024x468.jpg 1024w, https:\/\/www.urbangrad.ba\/wp-content\/uploads\/2023\/12\/cz-web-768x351.jpg 768w, https:\/\/www.urbangrad.ba\/wp-content\/uploads\/2023\/12\/cz-web-1536x701.jpg 1536w\" \/>\t\t\t\t\t\t\t\t\t\t\t\t\t\t\t<\/div>\n\t\t\t\t<\/div>\n\t\t\t\t\t<\/div>\n\t\t<\/div>\n\t\t\t\t\t<\/div>\n\t\t<\/section>\n\t\t\t\t<section class=\"elementor-section elementor-top-section elementor-element elementor-element-b483059 elementor-section-full_width elementor-section-height-default elementor-section-height-default\" data-id=\"b483059\" data-element_type=\"section\" data-settings=\"{&quot;background_background&quot;:&quot;classic&quot;}\">\n\t\t\t\t\t\t<div class=\"elementor-container elementor-column-gap-default\">\n\t\t\t\t\t<div class=\"elementor-column elementor-col-50 elementor-top-column elementor-element elementor-element-24f6d90\" data-id=\"24f6d90\" data-element_type=\"column\">\n\t\t\t<div class=\"elementor-widget-wrap elementor-element-populated\">\n\t\t\t\t\t\t<div class=\"elementor-element elementor-element-8659eb3 elementor-widget elementor-widget-heading\" data-id=\"8659eb3\" data-element_type=\"widget\" data-widget_type=\"heading.default\">\n\t\t\t\t<div class=\"elementor-widget-container\">\n\t\t\t\t\t<h1 class=\"elementor-heading-title elementor-size-default\">C in Z PROFILI<br \/>\nProizvodnja pocinkanih konstrukcijskih profilov<\/h1>\t\t\t\t<\/div>\n\t\t\t\t<\/div>\n\t\t\t\t<div class=\"elementor-element elementor-element-906ef6e elementor-widget elementor-widget-text-editor\" data-id=\"906ef6e\" data-element_type=\"widget\" data-widget_type=\"text-editor.default\">\n\t\t\t\t<div class=\"elementor-widget-container\">\n\t\t\t\t\t\t\t\t\t<p><span style=\"color: #000000;\">Pocinkani Z in C profili predstavljajo klju\u010dne konstrukcijske elemente, potrebne za gradnjo zanesljivih in funkcionalnih monta\u017enih hal.<\/span><br aria-hidden=\"true\" \/><span style=\"color: #000000;\">Ponujamo visokokakovostne profile iz jekla, prilagojene razli\u010dnim potrebam in specifikacijam projektov.<\/span><br aria-hidden=\"true\" \/><br aria-hidden=\"true\" \/><span style=\"color: #000000;\">Na\u0161i ZC profili kot sekundarna nosilna konstrukcija zagotavljajo oporo za industrijske, poslovne hale, jeklene hi\u0161ne konstrukcije in posebne objekte. Na voljo so v razli\u010dnih vi\u0161inah in debelinah materiala ter so prilagojeni potrebam projekta.<\/span><br aria-hidden=\"true\" \/><span style=\"color: #000000;\">Vrtane nosilce lahko naro\u010dite glede na va\u0161e specifi\u010dne zahteve glede lukenj.<\/span><\/p><p><span style=\"color: #000000;\"><strong>Z-profili:<\/strong><\/span><\/p><p><span style=\"color: #000000;\">Z-profili se pogosto uporabljajo kot sekundarni nosilci na strehah in stenah, kar omogo\u010da, da se profil zavrti za 180 stopinj, da se dose\u017ee prekrivanje. Vi\u0161ina profilov se giblje od 140 do 300 mm, debelina materiala pa je odvisna od vi\u0161ine profila.<\/span><br aria-hidden=\"true\" \/><br aria-hidden=\"true\" \/><span style=\"color: #000000;\"><strong>C-profili:<\/strong><\/span><\/p><p><span style=\"color: #000000;\">C-profili se uporabljajo kot okenski in vratni okvirji v industrijskih halah ter kot opora za notranje stenske konstrukcije. Na voljo so v razli\u010dnih vi\u0161inah in debelinah materiala ter ponujajo odli\u010dno nosilnost in prilagodljivost razli\u010dnim gradbenim potrebam.<\/span><\/p><p><span style=\"color: #000000;\"><strong>Prednosti uporabe na\u0161ih profilov:<\/strong><\/span><\/p><ul><li><span style=\"color: #000000;\">Edinstvena proizvodnja v Evropi<\/span><\/li><li><span style=\"color: #000000;\">Visokokakovostno italijansko jeklo<\/span><\/li><li><span style=\"color: #000000;\">Nosilnost v skladu s standardi Eurocode<\/span><\/li><li><span style=\"color: #000000;\">Mere po meri in luknje na zahtevo<\/span><\/li><li><span style=\"color: #000000;\">Hiter izra\u010dun dimenzij s programsko opremo<\/span><\/li><\/ul><p><span style=\"color: #000000;\"><strong>Konstruktivni elementi:<\/strong> Visoka kakovost, nizka te\u017ea<\/span><\/p><p><span style=\"color: #000000;\">Na\u0161i profili so izdelani iz visokokakovostne jeklene plo\u010devine s plastjo cinka 275 gr\/m2. Uporaba hladno valjanih profilov zmanj\u0161a te\u017eo konstrukcije, pove\u010da hitrost gradnje in odpravlja potrebo po dodatni protikorozijski za\u0161\u010diti.<\/span><\/p>\t\t\t\t\t\t\t\t<\/div>\n\t\t\t\t<\/div>\n\t\t\t\t\t<\/div>\n\t\t<\/div>\n\t\t\t\t<div class=\"elementor-column elementor-col-50 elementor-top-column elementor-element elementor-element-620b0d5\" data-id=\"620b0d5\" data-element_type=\"column\">\n\t\t\t<div class=\"elementor-widget-wrap elementor-element-populated\">\n\t\t\t\t\t\t<div class=\"elementor-element elementor-element-285ae3c elementor-widget elementor-widget-image\" data-id=\"285ae3c\" data-element_type=\"widget\" data-widget_type=\"image.default\">\n\t\t\t\t<div class=\"elementor-widget-container\">\n\t\t\t\t\t\t\t\t\t\t\t\t\t\t\t<img width=\"768\" height=\"1024\" class=\"attachment-large size-large wp-image-2519\" alt=\"\" sizes=\"(max-width: 768px) 100vw, 768px\" data-data-src=\"https:\/\/www.urbangrad.ba\/wp-content\/uploads\/2023\/03\/image14-768x1024.jpeg\" data-data-srcset=\"https:\/\/www.urbangrad.ba\/wp-content\/uploads\/2023\/03\/image14-768x1024.jpeg 768w, https:\/\/www.urbangrad.ba\/wp-content\/uploads\/2023\/03\/image14-225x300.jpeg 225w, https:\/\/www.urbangrad.ba\/wp-content\/uploads\/2023\/03\/image14-1152x1536.jpeg 1152w, https:\/\/www.urbangrad.ba\/wp-content\/uploads\/2023\/03\/image14-1536x2048.jpeg 1536w, https:\/\/www.urbangrad.ba\/wp-content\/uploads\/2023\/03\/image14.jpeg 1858w\" srcset=\"https:\/\/www.urbangrad.ba\/wp-content\/uploads\/2023\/03\/image14-768x1024.jpeg 768w, https:\/\/www.urbangrad.ba\/wp-content\/uploads\/2023\/03\/image14-225x300.jpeg 225w, https:\/\/www.urbangrad.ba\/wp-content\/uploads\/2023\/03\/image14-1152x1536.jpeg 1152w, https:\/\/www.urbangrad.ba\/wp-content\/uploads\/2023\/03\/image14-1536x2048.jpeg 1536w, https:\/\/www.urbangrad.ba\/wp-content\/uploads\/2023\/03\/image14.jpeg 1858w\" \/>\t\t\t\t\t\t\t\t\t\t\t\t\t\t\t<\/div>\n\t\t\t\t<\/div>\n\t\t\t\t\t<\/div>\n\t\t<\/div>\n\t\t\t\t\t<\/div>\n\t\t<\/section>\n\t\t\t\t<section class=\"elementor-section elementor-top-section elementor-element elementor-element-d8b4f8b elementor-section-full_width elementor-section-height-default elementor-section-height-default\" data-id=\"d8b4f8b\" data-element_type=\"section\" data-settings=\"{&quot;background_background&quot;:&quot;classic&quot;}\">\n\t\t\t\t\t\t<div class=\"elementor-container elementor-column-gap-default\">\n\t\t\t\t\t<div class=\"elementor-column elementor-col-100 elementor-top-column elementor-element elementor-element-d104ab8\" data-id=\"d104ab8\" data-element_type=\"column\">\n\t\t\t<div class=\"elementor-widget-wrap elementor-element-populated\">\n\t\t\t\t\t\t<div class=\"elementor-element elementor-element-1ccc7af elementor-arrows-position-outside elementor-pagination-position-outside elementor-widget elementor-widget-image-carousel\" data-id=\"1ccc7af\" data-element_type=\"widget\" data-settings=\"{&quot;slides_to_show&quot;:&quot;4&quot;,&quot;slides_to_scroll&quot;:&quot;2&quot;,&quot;navigation&quot;:&quot;both&quot;,&quot;autoplay&quot;:&quot;yes&quot;,&quot;pause_on_hover&quot;:&quot;yes&quot;,&quot;pause_on_interaction&quot;:&quot;yes&quot;,&quot;autoplay_speed&quot;:5000,&quot;infinite&quot;:&quot;yes&quot;,&quot;speed&quot;:500}\" data-widget_type=\"image-carousel.default\">\n\t\t\t\t<div class=\"elementor-widget-container\">\n\t\t\t\t\t\t\t<div class=\"elementor-image-carousel-wrapper swiper\" role=\"region\" aria-roledescription=\"carousel\" aria-label=\"Vrtiljak slik\" dir=\"ltr\">\n\t\t\t<div class=\"elementor-image-carousel swiper-wrapper\" aria-live=\"off\">\n\t\t\t\t\t\t\t\t<div class=\"swiper-slide\" role=\"group\" aria-roledescription=\"slide\" aria-label=\"1 od 11\"><a data-elementor-open-lightbox=\"yes\" data-elementor-lightbox-slideshow=\"1ccc7af\" data-elementor-lightbox-title=\"metal-bending\" data-e-action-hash=\"#elementor-action%3Aaction%3Dlightbox%26settings%3DeyJpZCI6MjUzMSwidXJsIjoiaHR0cHM6XC9cL3d3dy51cmJhbmdyYWQuYmFcL3dwLWNvbnRlbnRcL3VwbG9hZHNcLzIwMjNcLzAzXC9tZXRhbC1iZW5kaW5nLmpwZyIsInNsaWRlc2hvdyI6IjFjY2M3YWYifQ%3D%3D\" href=\"https:\/\/www.urbangrad.ba\/wp-content\/uploads\/2023\/03\/metal-bending.jpg\"><figure class=\"swiper-slide-inner\"><img class=\"swiper-slide-image\" data-src=\"https:\/\/www.urbangrad.ba\/wp-content\/uploads\/2023\/03\/metal-bending-370x440.jpg\" alt=\"metal-bending\" \/><\/figure><\/a><\/div><div class=\"swiper-slide\" role=\"group\" aria-roledescription=\"slide\" aria-label=\"2 od 11\"><a data-elementor-open-lightbox=\"yes\" data-elementor-lightbox-slideshow=\"1ccc7af\" data-elementor-lightbox-title=\"savijanje\" data-e-action-hash=\"#elementor-action%3Aaction%3Dlightbox%26settings%3DeyJpZCI6MjU0MiwidXJsIjoiaHR0cHM6XC9cL3d3dy51cmJhbmdyYWQuYmFcL3dwLWNvbnRlbnRcL3VwbG9hZHNcLzIwMjNcLzAzXC9zYXZpamFuamUuanBnIiwic2xpZGVzaG93IjoiMWNjYzdhZiJ9\" href=\"https:\/\/www.urbangrad.ba\/wp-content\/uploads\/2023\/03\/savijanje.jpg\"><figure class=\"swiper-slide-inner\"><img class=\"swiper-slide-image\" data-src=\"https:\/\/www.urbangrad.ba\/wp-content\/uploads\/2023\/03\/savijanje-370x440.jpg\" alt=\"savijanje\" \/><\/figure><\/a><\/div><div class=\"swiper-slide\" role=\"group\" aria-roledescription=\"slide\" aria-label=\"3 od 11\"><a data-elementor-open-lightbox=\"yes\" data-elementor-lightbox-slideshow=\"1ccc7af\" data-elementor-lightbox-title=\"varenje\" data-e-action-hash=\"#elementor-action%3Aaction%3Dlightbox%26settings%3DeyJpZCI6MjU0NiwidXJsIjoiaHR0cHM6XC9cL3d3dy51cmJhbmdyYWQuYmFcL3dwLWNvbnRlbnRcL3VwbG9hZHNcLzIwMjNcLzAzXC92YXJlbmplLmpwZyIsInNsaWRlc2hvdyI6IjFjY2M3YWYifQ%3D%3D\" href=\"https:\/\/www.urbangrad.ba\/wp-content\/uploads\/2023\/03\/varenje.jpg\"><figure class=\"swiper-slide-inner\"><img class=\"swiper-slide-image\" data-src=\"https:\/\/www.urbangrad.ba\/wp-content\/uploads\/2023\/03\/varenje-370x440.jpg\" alt=\"varenje\" \/><\/figure><\/a><\/div><div class=\"swiper-slide\" role=\"group\" aria-roledescription=\"slide\" aria-label=\"4 od 11\"><a data-elementor-open-lightbox=\"yes\" data-elementor-lightbox-slideshow=\"1ccc7af\" data-e-action-hash=\"#elementor-action%3Aaction%3Dlightbox%26settings%3DeyJpZCI6MjM0NiwidXJsIjoiaHR0cHM6XC9cL3d3dy51cmJhbmdyYWQuYmFcL3dwLWNvbnRlbnRcL3VwbG9hZHNcLzIwMjNcLzAzXC9hYm91dC11cy0xLmpwZyIsInNsaWRlc2hvdyI6IjFjY2M3YWYifQ%3D%3D\" href=\"https:\/\/www.urbangrad.ba\/wp-content\/uploads\/2023\/03\/about-us-1.jpg\"><figure class=\"swiper-slide-inner\"><img class=\"swiper-slide-image\" data-src=\"https:\/\/www.urbangrad.ba\/wp-content\/uploads\/2023\/03\/about-us-1-370x440.jpg\" alt=\"\" \/><\/figure><\/a><\/div><div class=\"swiper-slide\" role=\"group\" aria-roledescription=\"slide\" aria-label=\"5 od 11\"><a data-elementor-open-lightbox=\"yes\" data-elementor-lightbox-slideshow=\"1ccc7af\" data-elementor-lightbox-title=\"cz\" data-e-action-hash=\"#elementor-action%3Aaction%3Dlightbox%26settings%3DeyJpZCI6Mjk5MSwidXJsIjoiaHR0cHM6XC9cL3d3dy51cmJhbmdyYWQuYmFcL3dwLWNvbnRlbnRcL3VwbG9hZHNcLzIwMjNcLzExXC9jei5qcGciLCJzbGlkZXNob3ciOiIxY2NjN2FmIn0%3D\" href=\"https:\/\/www.urbangrad.ba\/wp-content\/uploads\/2023\/11\/cz.jpg\"><figure class=\"swiper-slide-inner\"><img class=\"swiper-slide-image\" data-src=\"https:\/\/www.urbangrad.ba\/wp-content\/uploads\/2023\/11\/cz-370x440.jpg\" alt=\"cz\" \/><\/figure><\/a><\/div><div class=\"swiper-slide\" role=\"group\" aria-roledescription=\"slide\" aria-label=\"6 od 11\"><a data-elementor-open-lightbox=\"yes\" data-elementor-lightbox-slideshow=\"1ccc7af\" data-elementor-lightbox-title=\"cz-web-side\" data-e-action-hash=\"#elementor-action%3Aaction%3Dlightbox%26settings%3DeyJpZCI6MzAzMCwidXJsIjoiaHR0cHM6XC9cL3d3dy51cmJhbmdyYWQuYmFcL3dwLWNvbnRlbnRcL3VwbG9hZHNcLzIwMjNcLzEyXC9jei13ZWItc2lkZS5qcGciLCJzbGlkZXNob3ciOiIxY2NjN2FmIn0%3D\" href=\"https:\/\/www.urbangrad.ba\/wp-content\/uploads\/2023\/12\/cz-web-side.jpg\"><figure class=\"swiper-slide-inner\"><img class=\"swiper-slide-image\" data-src=\"https:\/\/www.urbangrad.ba\/wp-content\/uploads\/2023\/12\/cz-web-side-370x440.jpg\" alt=\"cz-web-side\" \/><\/figure><\/a><\/div><div class=\"swiper-slide\" role=\"group\" aria-roledescription=\"slide\" aria-label=\"7 od 11\"><a data-elementor-open-lightbox=\"yes\" data-elementor-lightbox-slideshow=\"1ccc7af\" data-elementor-lightbox-title=\"profili\" data-e-action-hash=\"#elementor-action%3Aaction%3Dlightbox%26settings%3DeyJpZCI6MjMwMSwidXJsIjoiaHR0cHM6XC9cL3d3dy51cmJhbmdyYWQuYmFcL3dwLWNvbnRlbnRcL3VwbG9hZHNcLzIwMjNcLzAzXC9wcm9maWxpLmpwZyIsInNsaWRlc2hvdyI6IjFjY2M3YWYifQ%3D%3D\" href=\"https:\/\/www.urbangrad.ba\/wp-content\/uploads\/2023\/03\/profili.jpg\"><figure class=\"swiper-slide-inner\"><img class=\"swiper-slide-image\" data-src=\"https:\/\/www.urbangrad.ba\/wp-content\/uploads\/2023\/03\/profili-370x440.jpg\" alt=\"profili\" \/><\/figure><\/a><\/div><div class=\"swiper-slide\" role=\"group\" aria-roledescription=\"slide\" aria-label=\"8 od 11\"><a data-elementor-open-lightbox=\"yes\" data-elementor-lightbox-slideshow=\"1ccc7af\" data-elementor-lightbox-title=\"hale\" data-e-action-hash=\"#elementor-action%3Aaction%3Dlightbox%26settings%3DeyJpZCI6MjMwMCwidXJsIjoiaHR0cHM6XC9cL3d3dy51cmJhbmdyYWQuYmFcL3dwLWNvbnRlbnRcL3VwbG9hZHNcLzIwMjNcLzAzXC9oYWxlLmpwZyIsInNsaWRlc2hvdyI6IjFjY2M3YWYifQ%3D%3D\" href=\"https:\/\/www.urbangrad.ba\/wp-content\/uploads\/2023\/03\/hale.jpg\"><figure class=\"swiper-slide-inner\"><img class=\"swiper-slide-image\" data-src=\"https:\/\/www.urbangrad.ba\/wp-content\/uploads\/2023\/03\/hale-370x440.jpg\" alt=\"hale\" \/><\/figure><\/a><\/div><div class=\"swiper-slide\" role=\"group\" aria-roledescription=\"slide\" aria-label=\"9 od 11\"><a data-elementor-open-lightbox=\"yes\" data-elementor-lightbox-slideshow=\"1ccc7af\" data-elementor-lightbox-title=\"Untitled-5\" data-e-action-hash=\"#elementor-action%3Aaction%3Dlightbox%26settings%3DeyJpZCI6MjIxNCwidXJsIjoiaHR0cHM6XC9cL3d3dy51cmJhbmdyYWQuYmFcL3dwLWNvbnRlbnRcL3VwbG9hZHNcLzIwMjNcLzAyXC9VbnRpdGxlZC01LTEtc2NhbGVkLmpwZyIsInNsaWRlc2hvdyI6IjFjY2M3YWYifQ%3D%3D\" href=\"https:\/\/www.urbangrad.ba\/wp-content\/uploads\/2023\/02\/Untitled-5-1-scaled.jpg\"><figure class=\"swiper-slide-inner\"><img class=\"swiper-slide-image\" data-src=\"https:\/\/www.urbangrad.ba\/wp-content\/uploads\/2023\/02\/Untitled-5-1-370x440.jpg\" alt=\"Untitled-5\" \/><\/figure><\/a><\/div><div class=\"swiper-slide\" role=\"group\" aria-roledescription=\"slide\" aria-label=\"10 od 11\"><a data-elementor-open-lightbox=\"yes\" data-elementor-lightbox-slideshow=\"1ccc7af\" data-elementor-lightbox-title=\"Untitled-5\" data-e-action-hash=\"#elementor-action%3Aaction%3Dlightbox%26settings%3DeyJpZCI6MjIwNywidXJsIjoiaHR0cHM6XC9cL3d3dy51cmJhbmdyYWQuYmFcL3dwLWNvbnRlbnRcL3VwbG9hZHNcLzIwMjNcLzAyXC9VbnRpdGxlZC01LXNjYWxlZC5qcGciLCJzbGlkZXNob3ciOiIxY2NjN2FmIn0%3D\" href=\"https:\/\/www.urbangrad.ba\/wp-content\/uploads\/2023\/02\/Untitled-5-scaled.jpg\"><figure class=\"swiper-slide-inner\"><img class=\"swiper-slide-image\" data-src=\"https:\/\/www.urbangrad.ba\/wp-content\/uploads\/2023\/02\/Untitled-5-370x440.jpg\" alt=\"Untitled-5\" \/><\/figure><\/a><\/div><div class=\"swiper-slide\" role=\"group\" aria-roledescription=\"slide\" aria-label=\"11 od 11\"><a data-elementor-open-lightbox=\"yes\" data-elementor-lightbox-slideshow=\"1ccc7af\" data-elementor-lightbox-title=\"lipped-channel-01\" data-e-action-hash=\"#elementor-action%3Aaction%3Dlightbox%26settings%3DeyJpZCI6MjE3NywidXJsIjoiaHR0cHM6XC9cL3d3dy51cmJhbmdyYWQuYmFcL3dwLWNvbnRlbnRcL3VwbG9hZHNcLzIwMjNcLzAyXC9saXBwZWQtY2hhbm5lbC0wMS5qcGciLCJzbGlkZXNob3ciOiIxY2NjN2FmIn0%3D\" href=\"https:\/\/www.urbangrad.ba\/wp-content\/uploads\/2023\/02\/lipped-channel-01.jpg\"><figure class=\"swiper-slide-inner\"><img class=\"swiper-slide-image\" data-src=\"https:\/\/www.urbangrad.ba\/wp-content\/uploads\/2023\/02\/lipped-channel-01-370x440.jpg\" alt=\"lipped-channel-01\" \/><\/figure><\/a><\/div>\t\t\t<\/div>\n\t\t\t\t\t\t\t\t\t\t\t\t<div class=\"elementor-swiper-button elementor-swiper-button-prev\" role=\"button\" tabindex=\"0\">\n\t\t\t\t\t\t<svg aria-hidden=\"true\" class=\"e-font-icon-svg e-eicon-chevron-left\" viewbox=\"0 0 1000 1000\" xmlns=\"http:\/\/www.w3.org\/2000\/svg\"><path d=\"M646 125C629 125 613 133 604 142L308 442C296 454 292 471 292 487 292 504 296 521 308 533L604 854C617 867 629 875 646 875 663 875 679 871 692 858 704 846 713 829 713 812 713 796 708 779 692 767L438 487 692 225C700 217 708 204 708 187 708 171 704 154 692 142 675 129 663 125 646 125Z\"><\/path><\/svg>\t\t\t\t\t<\/div>\n\t\t\t\t\t<div class=\"elementor-swiper-button elementor-swiper-button-next\" role=\"button\" tabindex=\"0\">\n\t\t\t\t\t\t<svg aria-hidden=\"true\" class=\"e-font-icon-svg e-eicon-chevron-right\" viewbox=\"0 0 1000 1000\" xmlns=\"http:\/\/www.w3.org\/2000\/svg\"><path d=\"M696 533C708 521 713 504 713 487 713 471 708 454 696 446L400 146C388 133 375 125 354 125 338 125 325 129 313 142 300 154 292 171 292 187 292 204 296 221 308 233L563 492 304 771C292 783 288 800 288 817 288 833 296 850 308 863 321 871 338 875 354 875 371 875 388 867 400 854L696 533Z\"><\/path><\/svg>\t\t\t\t\t<\/div>\n\t\t\t\t\n\t\t\t\t\t\t\t\t\t<div class=\"swiper-pagination\"><\/div>\n\t\t\t\t\t\t\t\t\t<\/div>\n\t\t\t\t\t\t<\/div>\n\t\t\t\t<\/div>\n\t\t\t\t\t<\/div>\n\t\t<\/div>\n\t\t\t\t\t<\/div>\n\t\t<\/section>\n\t\t\t\t<\/div>","protected":false},"excerpt":{"rendered":"<p>C in Z PROFILI Proizvodnja pocinkanih konstrukcijskih profilov Pocinkani Z in C profili so klju\u010dni konstrukcijski elementi, potrebni za gradnjo zanesljivih in funkcionalnih monta\u017enih hal. Ponujamo visokokakovostne profile iz jekla, prilagojene razli\u010dnim potrebam in projektnim specifikacijam. Na\u0161i ZC profili kot sekundarna nosilna konstrukcija zagotavljajo oporo za industrijske, poslovne hale in jeklene konstrukcije hi\u0161 in ... <\/p>","protected":false},"author":1,"featured_media":0,"parent":0,"menu_order":0,"comment_status":"closed","ping_status":"closed","template":"elementor_header_footer","meta":{"footnotes":""},"class_list":["post-3007","page","type-page","status-publish","hentry"],"_links":{"self":[{"href":"https:\/\/www.urbangrad.ba\/sl\/wp-json\/wp\/v2\/pages\/3007","targetHints":{"allow":["GET"]}}],"collection":[{"href":"https:\/\/www.urbangrad.ba\/sl\/wp-json\/wp\/v2\/pages"}],"about":[{"href":"https:\/\/www.urbangrad.ba\/sl\/wp-json\/wp\/v2\/types\/page"}],"author":[{"embeddable":true,"href":"https:\/\/www.urbangrad.ba\/sl\/wp-json\/wp\/v2\/users\/1"}],"replies":[{"embeddable":true,"href":"https:\/\/www.urbangrad.ba\/sl\/wp-json\/wp\/v2\/comments?post=3007"}],"version-history":[{"count":67,"href":"https:\/\/www.urbangrad.ba\/sl\/wp-json\/wp\/v2\/pages\/3007\/revisions"}],"predecessor-version":[{"id":3396,"href":"https:\/\/www.urbangrad.ba\/sl\/wp-json\/wp\/v2\/pages\/3007\/revisions\/3396"}],"wp:attachment":[{"href":"https:\/\/www.urbangrad.ba\/sl\/wp-json\/wp\/v2\/media?parent=3007"}],"curies":[{"name":"delovni list","href":"https:\/\/api.w.org\/{rel}","templated":true}]}}