{"id":3335,"date":"2026-01-23T20:48:06","date_gmt":"2026-01-23T19:48:06","guid":{"rendered":"https:\/\/www.urbangrad.ba\/?page_id=3335"},"modified":"2026-01-23T21:32:48","modified_gmt":"2026-01-23T20:32:48","slug":"upit-za-ponudu","status":"publish","type":"page","link":"https:\/\/www.urbangrad.ba\/sl\/upit-za-ponudu\/","title":{"rendered":"Obrazec za povpra\u0161evanje"},"content":{"rendered":"<div data-elementor-type=\"wp-page\" data-elementor-id=\"3335\" class=\"elementor elementor-3335\" data-elementor-post-type=\"page\">\n\t\t\t\t<div class=\"elementor-element elementor-element-51fa9ef e-flex e-con-boxed e-con e-parent\" data-id=\"51fa9ef\" data-element_type=\"container\">\n\t\t\t\t\t<div class=\"e-con-inner\">\n\t\t\t\t<div class=\"elementor-element elementor-element-c1fb068 elementor-button-align-stretch elementor-widget elementor-widget-form\" data-id=\"c1fb068\" data-element_type=\"widget\" data-settings=\"{&quot;step_next_label&quot;:&quot;Next&quot;,&quot;step_previous_label&quot;:&quot;Previous&quot;,&quot;button_width&quot;:&quot;100&quot;,&quot;step_type&quot;:&quot;number_text&quot;,&quot;step_icon_shape&quot;:&quot;circle&quot;}\" data-widget_type=\"form.default\">\n\t\t\t\t<div class=\"elementor-widget-container\">\n\t\t\t\t\t\t\t<form class=\"elementor-form\" method=\"post\" name=\"New Form\" aria-label=\"Nov obrazec\" action=\"\">\n\t\t\t<input type=\"hidden\" name=\"post_id\" value=\"3335\"\/>\n\t\t\t<input type=\"hidden\" name=\"form_id\" value=\"c1fb068\"\/>\n\t\t\t<input type=\"hidden\" name=\"referer_title\" value=\"\" \/>\n\n\t\t\t\n\t\t\t<div class=\"elementor-form-fields-wrapper elementor-labels-above\">\n\t\t\t\t\t\t\t\t<div class=\"elementor-field-type-html elementor-field-group elementor-column elementor-field-group-name elementor-col-100\">\n\t\t\t\t\t<div style=\"text-align: center; font-weight: bold; border-bottom: 1px solid silver;\">1\/8 porabe * <\/div>\t\t\t\t<\/div>\n\t\t\t\t\t\t\t\t<div class=\"elementor-field-type-radio elementor-field-group elementor-column elementor-field-group-field_3655658 elementor-col-100 elementor-field-required\">\n\t\t\t\t\t\t\t\t\t\t\t\t<label for=\"form-field-field_3655658\" class=\"elementor-field-label\">\n\t\t\t\t\t\t\t\tKako naj bi se dvorana uporabljala?\t\t\t\t\t\t\t<\/label>\n\t\t\t\t\t\t<div class=\"elementor-field-subgroup  elementor-subgroup-inline\"><span class=\"elementor-field-option\"><input type=\"radio\" value=\"Skladi\u0161tenje\" id=\"form-field-field_3655658-0\" name=\"form_fields[field_3655658]\" required=\"required\"> <label for=\"form-field-field_3655658-0\">Shranjevanje<\/label><\/span><span class=\"elementor-field-option\"><input type=\"radio\" value=\"Proizvodnja\" id=\"form-field-field_3655658-1\" name=\"form_fields[field_3655658]\" required=\"required\"> <label for=\"form-field-field_3655658-1\">Produkcija<\/label><\/span><span class=\"elementor-field-option\"><input type=\"radio\" value=\"Radionica\" id=\"form-field-field_3655658-2\" name=\"form_fields[field_3655658]\" required=\"required\"> <label for=\"form-field-field_3655658-2\">Delavnica<\/label><\/span><span class=\"elementor-field-option\"><input type=\"radio\" value=\"Izlo\u017eba i prodaja\" id=\"form-field-field_3655658-3\" name=\"form_fields[field_3655658]\" required=\"required\"> <label for=\"form-field-field_3655658-3\">Razstava in prodaja<\/label><\/span><span class=\"elementor-field-option\"><input type=\"radio\" value=\"Pretpostavi\" id=\"form-field-field_3655658-4\" name=\"form_fields[field_3655658]\" required=\"required\"> <label for=\"form-field-field_3655658-4\">Predpostavimo<\/label><\/span><span class=\"elementor-field-option\"><input type=\"radio\" value=\"Ostalo (ispod navesti)\" id=\"form-field-field_3655658-5\" name=\"form_fields[field_3655658]\" required=\"required\"> <label for=\"form-field-field_3655658-5\">Drugo (navedite spodaj)<\/label><\/span><\/div>\t\t\t\t<\/div>\n\t\t\t\t\t\t\t\t<div class=\"elementor-field-type-text elementor-field-group elementor-column elementor-field-group-field_6f6789e elementor-col-100\">\n\t\t\t\t\t\t\t\t\t\t\t\t<label for=\"form-field-field_6f6789e\" class=\"elementor-field-label\">\n\t\t\t\t\t\t\t\t\u010ce je namen dvorane drug, prosimo, navedite, kaj je to.\t\t\t\t\t\t\t<\/label>\n\t\t\t\t\t\t\t\t\t\t\t\t\t\t<input size=\"1\" type=\"text\" name=\"form_fields[field_6f6789e]\" id=\"form-field-field_6f6789e\" class=\"elementor-field elementor-size-sm  elementor-field-textual\" placeholder=\"\u010ce je namen dvorane drug, prosimo, navedite, kaj je to.\">\n\t\t\t\t\t\t\t\t\t\t\t<\/div>\n\t\t\t\t\t\t\t\t<div class=\"elementor-field-type-html elementor-field-group elementor-column elementor-field-group-field_b7f9afe elementor-col-100\">\n\t\t\t\t\t<div style=\"text-align: center; font-weight: bold; border-bottom: 1px solid silver;\">Velikost 2\/8 * <\/div>\t\t\t\t<\/div>\n\t\t\t\t\t\t\t\t<div class=\"elementor-field-type-html elementor-field-group elementor-column elementor-field-group-field_e66dac0 elementor-col-100\">\n\t\t\t\t\tKako velika naj bo dvorana?\t\t\t\t<\/div>\n\t\t\t\t\t\t\t\t<div class=\"elementor-field-type-number elementor-field-group elementor-column elementor-field-group-field_721e6f0 elementor-col-25 elementor-field-required\">\n\t\t\t\t\t\t\t\t\t\t\t\t<label for=\"form-field-field_721e6f0\" class=\"elementor-field-label\">\n\t\t\t\t\t\t\t\t\u0160irina\t\t\t\t\t\t\t<\/label>\n\t\t\t\t\t\t\t\t\t<input type=\"number\" name=\"form_fields[field_721e6f0]\" id=\"form-field-field_721e6f0\" class=\"elementor-field elementor-size-sm  elementor-field-textual\" placeholder=\"v metrih\" required=\"required\" min=\"\" max=\"\" >\n\t\t\t\t\t\t<\/div>\n\t\t\t\t\t\t\t\t<div class=\"elementor-field-type-number elementor-field-group elementor-column elementor-field-group-field_535a4d7 elementor-col-25 elementor-field-required\">\n\t\t\t\t\t\t\t\t\t\t\t\t<label for=\"form-field-field_535a4d7\" class=\"elementor-field-label\">\n\t\t\t\t\t\t\t\tDol\u017eina\t\t\t\t\t\t\t<\/label>\n\t\t\t\t\t\t\t\t\t<input type=\"number\" name=\"form_fields[field_535a4d7]\" id=\"form-field-field_535a4d7\" class=\"elementor-field elementor-size-sm  elementor-field-textual\" placeholder=\"v metrih\" required=\"required\" min=\"\" max=\"\" >\n\t\t\t\t\t\t<\/div>\n\t\t\t\t\t\t\t\t<div class=\"elementor-field-type-number elementor-field-group elementor-column elementor-field-group-field_77fde6d elementor-col-25 elementor-field-required\">\n\t\t\t\t\t\t\t\t\t\t\t\t<label for=\"form-field-field_77fde6d\" class=\"elementor-field-label\">\n\t\t\t\t\t\t\t\tVi\u0161ina stranske vrstice\t\t\t\t\t\t\t<\/label>\n\t\t\t\t\t\t\t\t\t<input type=\"number\" name=\"form_fields[field_77fde6d]\" id=\"form-field-field_77fde6d\" class=\"elementor-field elementor-size-sm  elementor-field-textual\" placeholder=\"v metrih\" required=\"required\" min=\"\" max=\"\" >\n\t\t\t\t\t\t<\/div>\n\t\t\t\t\t\t\t\t<div class=\"elementor-field-type-number elementor-field-group elementor-column elementor-field-group-field_4a9442d elementor-col-25 elementor-field-required\">\n\t\t\t\t\t\t\t\t\t\t\t\t<label for=\"form-field-field_4a9442d\" class=\"elementor-field-label\">\n\t\t\t\t\t\t\t\tObmo\u010dje\t\t\t\t\t\t\t<\/label>\n\t\t\t\t\t\t\t\t\t<input type=\"number\" name=\"form_fields[field_4a9442d]\" id=\"form-field-field_4a9442d\" class=\"elementor-field elementor-size-sm  elementor-field-textual\" placeholder=\"v kvadratnih metrih\" required=\"required\" min=\"\" max=\"\" >\n\t\t\t\t\t\t<\/div>\n\t\t\t\t\t\t\t\t<div class=\"elementor-field-type-html elementor-field-group elementor-column elementor-field-group-field_9cc23a3 elementor-col-100\">\n\t\t\t\t\t<div style=\"text-align: center; font-weight: bold; border-bottom: 1px solid silver;\">Oblika strehe 3\/8 <\/div>\t\t\t\t<\/div>\n\t\t\t\t\t\t\t\t<div class=\"elementor-field-type-checkbox elementor-field-group elementor-column elementor-field-group-field_91f27b5 elementor-col-100\">\n\t\t\t\t\t\t\t\t\t\t\t\t<label for=\"form-field-field_91f27b5\" class=\"elementor-field-label\">\n\t\t\t\t\t\t\t\tAli mora imeti dvorana dolo\u010deno obliko strehe?\t\t\t\t\t\t\t<\/label>\n\t\t\t\t\t\t<div class=\"elementor-field-subgroup\"><span class=\"elementor-field-option\"><input type=\"checkbox\" value=\"Dvovodni krov\" id=\"form-field-field_91f27b5-0\" name=\"form_fields[field_91f27b5][]\"> <label for=\"form-field-field_91f27b5-0\">Dvokapna streha<\/label><\/span><span class=\"elementor-field-option\"><input type=\"checkbox\" value=\"Jednovodni krov\" id=\"form-field-field_91f27b5-1\" name=\"form_fields[field_91f27b5][]\"> <label for=\"form-field-field_91f27b5-1\">Enokapna streha<\/label><\/span><span class=\"elementor-field-option\"><input type=\"checkbox\" value=\"Razno\" id=\"form-field-field_91f27b5-2\" name=\"form_fields[field_91f27b5][]\"> <label for=\"form-field-field_91f27b5-2\">Razno<\/label><\/span><\/div>\t\t\t\t<\/div>\n\t\t\t\t\t\t\t\t<div class=\"elementor-field-type-text elementor-field-group elementor-column elementor-field-group-field_9e709e8 elementor-col-100\">\n\t\t\t\t\t\t\t\t\t\t\t\t<label for=\"form-field-field_9e709e8\" class=\"elementor-field-label\">\n\t\t\t\t\t\t\t\t\u010ce je odgovor za obliko strehe druga\u010den, prosimo, navedite, kak\u0161na je.\t\t\t\t\t\t\t<\/label>\n\t\t\t\t\t\t\t\t\t\t\t\t\t\t<input size=\"1\" type=\"text\" name=\"form_fields[field_9e709e8]\" id=\"form-field-field_9e709e8\" class=\"elementor-field elementor-size-sm  elementor-field-textual\" placeholder=\"\u010ce je namen dvorane drug, prosimo, navedite, kaj je to.\">\n\t\t\t\t\t\t\t\t\t\t\t<\/div>\n\t\t\t\t\t\t\t\t<div class=\"elementor-field-type-html elementor-field-group elementor-column elementor-field-group-field_b567b93 elementor-col-100\">\n\t\t\t\t\t<div style=\"text-align: center; font-weight: bold; border-bottom: 1px solid silver;\">4\/8 Toplotna izolacija <\/div>\t\t\t\t<\/div>\n\t\t\t\t\t\t\t\t<div class=\"elementor-field-type-checkbox elementor-field-group elementor-column elementor-field-group-field_328ff1f elementor-col-100\">\n\t\t\t\t\t\t\t\t\t\t\t\t<label for=\"form-field-field_328ff1f\" class=\"elementor-field-label\">\n\t\t\t\t\t\t\t\tAli je toplotna izolacija potrebna?\t\t\t\t\t\t\t<\/label>\n\t\t\t\t\t\t<div class=\"elementor-field-subgroup\"><span class=\"elementor-field-option\"><input type=\"checkbox\" value=\"Da\" id=\"form-field-field_328ff1f-0\" name=\"form_fields[field_328ff1f][]\"> <label for=\"form-field-field_328ff1f-0\">Da<\/label><\/span><span class=\"elementor-field-option\"><input type=\"checkbox\" value=\"Ne\" id=\"form-field-field_328ff1f-1\" name=\"form_fields[field_328ff1f][]\"> <label for=\"form-field-field_328ff1f-1\">Ne<\/label><\/span><span class=\"elementor-field-option\"><input type=\"checkbox\" value=\"Ne, ali za\u0161tita od kondenzacije da\" id=\"form-field-field_328ff1f-2\" name=\"form_fields[field_328ff1f][]\"> <label for=\"form-field-field_328ff1f-2\">Ne, vendar za\u0161\u010dita pred kondenzacijo da<\/label><\/span><\/div>\t\t\t\t<\/div>\n\t\t\t\t\t\t\t\t<div class=\"elementor-field-type-number elementor-field-group elementor-column elementor-field-group-field_96f96eb elementor-col-100\">\n\t\t\t\t\t\t\t\t\t\t\t\t<label for=\"form-field-field_96f96eb\" class=\"elementor-field-label\">\n\t\t\t\t\t\t\t\t\u010ce je potrebna toplotna izolacija, vnesite \u017eeleno sobno temperaturo\t\t\t\t\t\t\t<\/label>\n\t\t\t\t\t\t\t\t\t<input type=\"number\" name=\"form_fields[field_96f96eb]\" id=\"form-field-field_96f96eb\" class=\"elementor-field elementor-size-sm  elementor-field-textual\" placeholder=\"\u010ce je potrebna toplotna izolacija, vnesite \u017eeleno sobno temperaturo\" min=\"\" max=\"\" >\n\t\t\t\t\t\t<\/div>\n\t\t\t\t\t\t\t\t<div class=\"elementor-field-type-html elementor-field-group elementor-column elementor-field-group-field_819d575 elementor-col-100\">\n\t\t\t\t\t<div style=\"text-align: center; font-weight: bold; border-bottom: 1px solid silver;\">Lokacija dvorane 5\/8 * <\/div>\t\t\t\t<\/div>\n\t\t\t\t\t\t\t\t<div class=\"elementor-field-type-checkbox elementor-field-group elementor-column elementor-field-group-field_59c38b5 elementor-col-100\">\n\t\t\t\t\t\t\t\t\t\t\t\t<label for=\"form-field-field_59c38b5\" class=\"elementor-field-label\">\n\t\t\t\t\t\t\t\tKje naj bi bila dvorana name\u0161\u010dena?\t\t\t\t\t\t\t<\/label>\n\t\t\t\t\t\t<div class=\"elementor-field-subgroup\"><span class=\"elementor-field-option\"><input type=\"checkbox\" value=\"Adresa kompanije\" id=\"form-field-field_59c38b5-0\" name=\"form_fields[field_59c38b5][]\"> <label for=\"form-field-field_59c38b5-0\">Naslov podjetja<\/label><\/span><span class=\"elementor-field-option\"><input type=\"checkbox\" value=\"Jo\u0161 nije odlu\u010deno\" id=\"form-field-field_59c38b5-1\" name=\"form_fields[field_59c38b5][]\"> <label for=\"form-field-field_59c38b5-1\">\u0160e ni odlo\u010deno<\/label><\/span><span class=\"elementor-field-option\"><input type=\"checkbox\" value=\"Druga lokacija (ispod navesti)\" id=\"form-field-field_59c38b5-2\" name=\"form_fields[field_59c38b5][]\"> <label for=\"form-field-field_59c38b5-2\">Druga lokacija (navedite spodaj)<\/label><\/span><\/div>\t\t\t\t<\/div>\n\t\t\t\t\t\t\t\t<div class=\"elementor-field-type-text elementor-field-group elementor-column elementor-field-group-field_d974e85 elementor-col-25\">\n\t\t\t\t\t\t\t\t\t\t\t\t<label for=\"form-field-field_d974e85\" class=\"elementor-field-label\">\n\t\t\t\t\t\t\t\tHi\u0161na \u0161tevilka\t\t\t\t\t\t\t<\/label>\n\t\t\t\t\t\t\t\t\t\t\t\t\t\t<input size=\"1\" type=\"text\" name=\"form_fields[field_d974e85]\" id=\"form-field-field_d974e85\" class=\"elementor-field elementor-size-sm  elementor-field-textual\" placeholder=\"Hi\u0161na \u0161tevilka\">\n\t\t\t\t\t\t\t\t\t\t\t<\/div>\n\t\t\t\t\t\t\t\t<div class=\"elementor-field-type-text elementor-field-group elementor-column elementor-field-group-field_f585a8e elementor-col-25\">\n\t\t\t\t\t\t\t\t\t\t\t\t<label for=\"form-field-field_f585a8e\" class=\"elementor-field-label\">\n\t\t\t\t\t\t\t\tPo\u0161tna \u0161tevilka\t\t\t\t\t\t\t<\/label>\n\t\t\t\t\t\t\t\t\t\t\t\t\t\t<input size=\"1\" type=\"text\" name=\"form_fields[field_f585a8e]\" id=\"form-field-field_f585a8e\" class=\"elementor-field elementor-size-sm  elementor-field-textual\" placeholder=\"Po\u0161tna \u0161tevilka\">\n\t\t\t\t\t\t\t\t\t\t\t<\/div>\n\t\t\t\t\t\t\t\t<div class=\"elementor-field-type-text elementor-field-group elementor-column elementor-field-group-field_5889dce elementor-col-25\">\n\t\t\t\t\t\t\t\t\t\t\t\t<label for=\"form-field-field_5889dce\" class=\"elementor-field-label\">\n\t\t\t\t\t\t\t\tLokacija\t\t\t\t\t\t\t<\/label>\n\t\t\t\t\t\t\t\t\t\t\t\t\t\t<input size=\"1\" type=\"text\" name=\"form_fields[field_5889dce]\" id=\"form-field-field_5889dce\" class=\"elementor-field elementor-size-sm  elementor-field-textual\" placeholder=\"Lokacija\">\n\t\t\t\t\t\t\t\t\t\t\t<\/div>\n\t\t\t\t\t\t\t\t<div class=\"elementor-field-type-text elementor-field-group elementor-column elementor-field-group-field_b22a7c3 elementor-col-25\">\n\t\t\t\t\t\t\t\t\t\t\t\t<label for=\"form-field-field_b22a7c3\" class=\"elementor-field-label\">\n\t\t\t\t\t\t\t\tZemlja\t\t\t\t\t\t\t<\/label>\n\t\t\t\t\t\t\t\t\t\t\t\t\t\t<input size=\"1\" type=\"text\" name=\"form_fields[field_b22a7c3]\" id=\"form-field-field_b22a7c3\" class=\"elementor-field elementor-size-sm  elementor-field-textual\" placeholder=\"Zemlja\">\n\t\t\t\t\t\t\t\t\t\t\t<\/div>\n\t\t\t\t\t\t\t\t<div class=\"elementor-field-type-html elementor-field-group elementor-column elementor-field-group-field_9be7eb5 elementor-col-100\">\n\t\t\t\t\t<div style=\"text-align: center; font-weight: bold; border-bottom: 1px solid silver;\">6\/8 Dodatne podrobnosti o opremi <\/div>\t\t\t\t<\/div>\n\t\t\t\t\t\t\t\t<div class=\"elementor-field-type-checkbox elementor-field-group elementor-column elementor-field-group-field_2749887 elementor-col-100\">\n\t\t\t\t\t\t\t\t\t\t\t\t<label for=\"form-field-field_2749887\" class=\"elementor-field-label\">\n\t\t\t\t\t\t\t\tAli so potrebne kak\u0161ne posebne podrobnosti o opremi?\t\t\t\t\t\t\t<\/label>\n\t\t\t\t\t\t<div class=\"elementor-field-subgroup\"><span class=\"elementor-field-option\"><input type=\"checkbox\" value=\"Mosna dizalica (ispod navesti)\" id=\"form-field-field_2749887-0\" name=\"form_fields[field_2749887][]\"> <label for=\"form-field-field_2749887-0\">Mostni \u017eerjav (spodaj)<\/label><\/span><span class=\"elementor-field-option\"><input type=\"checkbox\" value=\"Dodatno optere\u0107enje krova (npr. za fotonaponske sisteme ili zelene krovove)\" id=\"form-field-field_2749887-1\" name=\"form_fields[field_2749887][]\"> <label for=\"form-field-field_2749887-1\">Dodatna obremenitev strehe (npr. za fotovoltai\u010dne sisteme ali zelene strehe)<\/label><\/span><\/div>\t\t\t\t<\/div>\n\t\t\t\t\t\t\t\t<div class=\"elementor-field-type-text elementor-field-group elementor-column elementor-field-group-field_974942e elementor-col-50\">\n\t\t\t\t\t\t\t\t\t\t\t\t<label for=\"form-field-field_974942e\" class=\"elementor-field-label\">\n\t\t\t\t\t\t\t\tkoristni tovor\t\t\t\t\t\t\t<\/label>\n\t\t\t\t\t\t\t\t\t\t\t\t\t\t<input size=\"1\" type=\"text\" name=\"form_fields[field_974942e]\" id=\"form-field-field_974942e\" class=\"elementor-field elementor-size-sm  elementor-field-textual\" placeholder=\"koristni tovor\">\n\t\t\t\t\t\t\t\t\t\t\t<\/div>\n\t\t\t\t\t\t\t\t<div class=\"elementor-field-type-text elementor-field-group elementor-column elementor-field-group-field_2d938d3 elementor-col-50\">\n\t\t\t\t\t\t\t\t\t\t\t\t<label for=\"form-field-field_2d938d3\" class=\"elementor-field-label\">\n\t\t\t\t\t\t\t\tVi\u0161ina kljuke\t\t\t\t\t\t\t<\/label>\n\t\t\t\t\t\t\t\t\t\t\t\t\t\t<input size=\"1\" type=\"text\" name=\"form_fields[field_2d938d3]\" id=\"form-field-field_2d938d3\" class=\"elementor-field elementor-size-sm  elementor-field-textual\" placeholder=\"Vi\u0161ina kljuke\">\n\t\t\t\t\t\t\t\t\t\t\t<\/div>\n\t\t\t\t\t\t\t\t<div class=\"elementor-field-type-html elementor-field-group elementor-column elementor-field-group-field_7b0196c elementor-col-100\">\n\t\t\t\t\t<div style=\"text-align: center; font-weight: bold; border-bottom: 1px solid silver;\">7\/8 Dodatne informacije <\/div>\t\t\t\t<\/div>\n\t\t\t\t\t\t\t\t<div class=\"elementor-field-type-textarea elementor-field-group elementor-column elementor-field-group-field_61fcafb elementor-col-100\">\n\t\t\t\t\t\t\t\t\t\t\t\t<label for=\"form-field-field_61fcafb\" class=\"elementor-field-label\">\n\t\t\t\t\t\t\t\tDodatne informacije\t\t\t\t\t\t\t<\/label>\n\t\t\t\t\t\t<textarea class=\"elementor-field-textual elementor-field  elementor-size-sm\" name=\"form_fields[field_61fcafb]\" id=\"form-field-field_61fcafb\" rows=\"4\" placeholder=\"Dodatne informacije\"><\/textarea>\t\t\t\t<\/div>\n\t\t\t\t\t\t\t\t<div class=\"elementor-field-type-html elementor-field-group elementor-column elementor-field-group-field_f6b15b7 elementor-col-100\">\n\t\t\t\t\t<div style=\"text-align: center; font-weight: bold; border-bottom: 1px solid silver;\">7\/8 Va\u0161i podatki <\/div>\t\t\t\t<\/div>\n\t\t\t\t\t\t\t\t<div class=\"elementor-field-type-text elementor-field-group elementor-column elementor-field-group-field_f108e0c elementor-col-33 elementor-field-required\">\n\t\t\t\t\t\t\t\t\t\t\t\t<label for=\"form-field-field_f108e0c\" class=\"elementor-field-label\">\n\t\t\t\t\t\t\t\tPriimek\t\t\t\t\t\t\t<\/label>\n\t\t\t\t\t\t\t\t\t\t\t\t\t\t<input size=\"1\" type=\"text\" name=\"form_fields[field_f108e0c]\" id=\"form-field-field_f108e0c\" class=\"elementor-field elementor-size-sm  elementor-field-textual\" placeholder=\"Priimek\" required=\"required\">\n\t\t\t\t\t\t\t\t\t\t\t<\/div>\n\t\t\t\t\t\t\t\t<div class=\"elementor-field-type-text elementor-field-group elementor-column elementor-field-group-field_3336b26 elementor-col-33 elementor-field-required\">\n\t\t\t\t\t\t\t\t\t\t\t\t<label for=\"form-field-field_3336b26\" class=\"elementor-field-label\">\n\t\t\t\t\t\t\t\tIme\t\t\t\t\t\t\t<\/label>\n\t\t\t\t\t\t\t\t\t\t\t\t\t\t<input size=\"1\" type=\"text\" name=\"form_fields[field_3336b26]\" id=\"form-field-field_3336b26\" class=\"elementor-field elementor-size-sm  elementor-field-textual\" placeholder=\"Ime\" required=\"required\">\n\t\t\t\t\t\t\t\t\t\t\t<\/div>\n\t\t\t\t\t\t\t\t<div class=\"elementor-field-type-text elementor-field-group elementor-column elementor-field-group-field_25cbddc elementor-col-33 elementor-field-required\">\n\t\t\t\t\t\t\t\t\t\t\t\t<label for=\"form-field-field_25cbddc\" class=\"elementor-field-label\">\n\t\t\t\t\t\t\t\tPodjetje\t\t\t\t\t\t\t<\/label>\n\t\t\t\t\t\t\t\t\t\t\t\t\t\t<input size=\"1\" type=\"text\" name=\"form_fields[field_25cbddc]\" id=\"form-field-field_25cbddc\" class=\"elementor-field elementor-size-sm  elementor-field-textual\" placeholder=\"Podjetje\" required=\"required\">\n\t\t\t\t\t\t\t\t\t\t\t<\/div>\n\t\t\t\t\t\t\t\t<div class=\"elementor-field-type-text elementor-field-group elementor-column elementor-field-group-field_a0bd0f6 elementor-col-25 elementor-field-required\">\n\t\t\t\t\t\t\t\t\t\t\t\t<label for=\"form-field-field_a0bd0f6\" class=\"elementor-field-label\">\n\t\t\t\t\t\t\t\tHi\u0161na \u0161tevilka\t\t\t\t\t\t\t<\/label>\n\t\t\t\t\t\t\t\t\t\t\t\t\t\t<input size=\"1\" type=\"text\" name=\"form_fields[field_a0bd0f6]\" id=\"form-field-field_a0bd0f6\" class=\"elementor-field elementor-size-sm  elementor-field-textual\" placeholder=\"Hi\u0161na \u0161tevilka\" required=\"required\">\n\t\t\t\t\t\t\t\t\t\t\t<\/div>\n\t\t\t\t\t\t\t\t<div class=\"elementor-field-type-text elementor-field-group elementor-column elementor-field-group-field_883df81 elementor-col-25 elementor-field-required\">\n\t\t\t\t\t\t\t\t\t\t\t\t<label for=\"form-field-field_883df81\" class=\"elementor-field-label\">\n\t\t\t\t\t\t\t\tPo\u0161tna \u0161tevilka\t\t\t\t\t\t\t<\/label>\n\t\t\t\t\t\t\t\t\t\t\t\t\t\t<input size=\"1\" type=\"text\" name=\"form_fields[field_883df81]\" id=\"form-field-field_883df81\" class=\"elementor-field elementor-size-sm  elementor-field-textual\" placeholder=\"Po\u0161tna \u0161tevilka\" required=\"required\">\n\t\t\t\t\t\t\t\t\t\t\t<\/div>\n\t\t\t\t\t\t\t\t<div class=\"elementor-field-type-text elementor-field-group elementor-column elementor-field-group-field_65941a9 elementor-col-25 elementor-field-required\">\n\t\t\t\t\t\t\t\t\t\t\t\t<label for=\"form-field-field_65941a9\" class=\"elementor-field-label\">\n\t\t\t\t\t\t\t\tLokacija\t\t\t\t\t\t\t<\/label>\n\t\t\t\t\t\t\t\t\t\t\t\t\t\t<input size=\"1\" type=\"text\" name=\"form_fields[field_65941a9]\" id=\"form-field-field_65941a9\" class=\"elementor-field elementor-size-sm  elementor-field-textual\" placeholder=\"Lokacija\" required=\"required\">\n\t\t\t\t\t\t\t\t\t\t\t<\/div>\n\t\t\t\t\t\t\t\t<div class=\"elementor-field-type-text elementor-field-group elementor-column elementor-field-group-field_12ee95f elementor-col-25 elementor-field-required\">\n\t\t\t\t\t\t\t\t\t\t\t\t<label for=\"form-field-field_12ee95f\" class=\"elementor-field-label\">\n\t\t\t\t\t\t\t\tZemlja\t\t\t\t\t\t\t<\/label>\n\t\t\t\t\t\t\t\t\t\t\t\t\t\t<input size=\"1\" type=\"text\" name=\"form_fields[field_12ee95f]\" id=\"form-field-field_12ee95f\" class=\"elementor-field elementor-size-sm  elementor-field-textual\" placeholder=\"Zemlja\" required=\"required\">\n\t\t\t\t\t\t\t\t\t\t\t<\/div>\n\t\t\t\t\t\t\t\t<div class=\"elementor-field-type-email elementor-field-group elementor-column elementor-field-group-field_f019a90 elementor-col-33 elementor-field-required\">\n\t\t\t\t\t\t\t\t\t\t\t\t<label for=\"form-field-field_f019a90\" class=\"elementor-field-label\">\n\t\t\t\t\t\t\t\tE-po\u0161ta\t\t\t\t\t\t\t<\/label>\n\t\t\t\t\t\t\t\t\t\t\t\t\t\t<input size=\"1\" type=\"email\" name=\"form_fields[field_f019a90]\" id=\"form-field-field_f019a90\" class=\"elementor-field elementor-size-sm  elementor-field-textual\" placeholder=\"E-po\u0161ta\" required=\"required\">\n\t\t\t\t\t\t\t\t\t\t\t<\/div>\n\t\t\t\t\t\t\t\t<div class=\"elementor-field-type-text elementor-field-group elementor-column elementor-field-group-field_64f1490 elementor-col-33 elementor-field-required\">\n\t\t\t\t\t\t\t\t\t\t\t\t<label for=\"form-field-field_64f1490\" class=\"elementor-field-label\">\n\t\t\t\t\t\t\t\tTelefon\t\t\t\t\t\t\t<\/label>\n\t\t\t\t\t\t\t\t\t\t\t\t\t\t<input size=\"1\" type=\"text\" name=\"form_fields[field_64f1490]\" id=\"form-field-field_64f1490\" class=\"elementor-field elementor-size-sm  elementor-field-textual\" placeholder=\"Telefon\" required=\"required\">\n\t\t\t\t\t\t\t\t\t\t\t<\/div>\n\t\t\t\t\t\t\t\t<div class=\"elementor-field-type-text elementor-field-group elementor-column elementor-field-group-field_73a141c elementor-col-33 elementor-field-required\">\n\t\t\t\t\t\t\t\t\t\t\t\t<label for=\"form-field-field_73a141c\" class=\"elementor-field-label\">\n\t\t\t\t\t\t\t\tMobilni telefon\t\t\t\t\t\t\t<\/label>\n\t\t\t\t\t\t\t\t\t\t\t\t\t\t<input size=\"1\" type=\"text\" name=\"form_fields[field_73a141c]\" id=\"form-field-field_73a141c\" class=\"elementor-field elementor-size-sm  elementor-field-textual\" placeholder=\"Mobilni telefon\" required=\"required\">\n\t\t\t\t\t\t\t\t\t\t\t<\/div>\n\t\t\t\t\t\t\t\t<div class=\"elementor-field-type-acceptance elementor-field-group elementor-column elementor-field-group-field_f32e99c elementor-col-100 elementor-field-required\">\n\t\t\t\t\t\t\t\t\t\t\t\t<label for=\"form-field-field_f32e99c\" class=\"elementor-field-label\">\n\t\t\t\t\t\t\t\tPravilnik o zasebnosti\t\t\t\t\t\t\t<\/label>\n\t\t\t\t\t\t\t\t<div class=\"elementor-field-subgroup\">\n\t\t\t<span class=\"elementor-field-option\">\n\t\t\t\t<input type=\"checkbox\" name=\"form_fields[field_f32e99c]\" id=\"form-field-field_f32e99c\" class=\"elementor-field elementor-size-sm  elementor-acceptance-field\" required=\"required\">\n\t\t\t\t<label for=\"form-field-field_f32e99c\">Va\u0161i podatki, ki jih posredujete s tem obrazcem, bodo uporabljeni izklju\u010dno za pripravo ponudbe in ne bodo deljeni s tretjimi osebami ali uporabljeni v tr\u017eenjske namene.<\/label>\t\t\t<\/span>\n\t\t<\/div>\n\t\t\t\t\t\t<\/div>\n\t\t\t\t\t\t\t\t<div class=\"elementor-field-group elementor-column elementor-field-type-submit elementor-col-100 e-form__buttons\">\n\t\t\t\t\t<button class=\"elementor-button elementor-size-sm\" type=\"submit\">\n\t\t\t\t\t\t<span class=\"elementor-button-content-wrapper\">\n\t\t\t\t\t\t\t\t\t\t\t\t\t\t\t\t\t\t\t\t\t\t<span class=\"elementor-button-text\">Po\u0161ljite povpra\u0161evanje za ponudbo<\/span>\n\t\t\t\t\t\t\t\t\t\t\t\t\t<\/span>\n\t\t\t\t\t<\/button>\n\t\t\t\t<\/div>\n\t\t\t<\/div>\n\t\t<input type=\"hidden\" name=\"trp-form-language\" value=\"sl\"\/><\/form>\n\t\t\t\t\t\t<\/div>\n\t\t\t\t<\/div>\n\t\t\t\t\t<\/div>\n\t\t\t\t<\/div>\n\t\t\t\t<\/div>","protected":false},"excerpt":{"rendered":"","protected":false},"author":1,"featured_media":0,"parent":0,"menu_order":0,"comment_status":"closed","ping_status":"closed","template":"","meta":{"footnotes":""},"class_list":["post-3335","page","type-page","status-publish","hentry"],"_links":{"self":[{"href":"https:\/\/www.urbangrad.ba\/sl\/wp-json\/wp\/v2\/pages\/3335","targetHints":{"allow":["GET"]}}],"collection":[{"href":"https:\/\/www.urbangrad.ba\/sl\/wp-json\/wp\/v2\/pages"}],"about":[{"href":"https:\/\/www.urbangrad.ba\/sl\/wp-json\/wp\/v2\/types\/page"}],"author":[{"embeddable":true,"href":"https:\/\/www.urbangrad.ba\/sl\/wp-json\/wp\/v2\/users\/1"}],"replies":[{"embeddable":true,"href":"https:\/\/www.urbangrad.ba\/sl\/wp-json\/wp\/v2\/comments?post=3335"}],"version-history":[{"count":20,"href":"https:\/\/www.urbangrad.ba\/sl\/wp-json\/wp\/v2\/pages\/3335\/revisions"}],"predecessor-version":[{"id":3368,"href":"https:\/\/www.urbangrad.ba\/sl\/wp-json\/wp\/v2\/pages\/3335\/revisions\/3368"}],"wp:attachment":[{"href":"https:\/\/www.urbangrad.ba\/sl\/wp-json\/wp\/v2\/media?parent=3335"}],"curies":[{"name":"delovni list","href":"https:\/\/api.w.org\/{rel}","templated":true}]}}