{"id":58,"date":"2021-07-11T15:11:20","date_gmt":"2021-07-11T15:11:20","guid":{"rendered":"http:\/\/localhost:8888\/royarch\/?page_id=58"},"modified":"2026-01-23T21:53:26","modified_gmt":"2026-01-23T20:53:26","slug":"about","status":"publish","type":"page","link":"https:\/\/www.urbangrad.ba\/sl\/about\/","title":{"rendered":"O nas"},"content":{"rendered":"<div data-elementor-type=\"wp-page\" data-elementor-id=\"58\" class=\"elementor elementor-58\" data-elementor-post-type=\"page\">\n\t\t\t\t\t\t<section class=\"elementor-section elementor-top-section elementor-element elementor-element-38527e0 elementor-section-full_width elementor-hidden-desktop elementor-hidden-tablet elementor-hidden-mobile elementor-section-height-default elementor-section-height-default\" data-id=\"38527e0\" data-element_type=\"section\">\n\t\t\t\t\t\t<div class=\"elementor-container elementor-column-gap-no\">\n\t\t\t\t\t<div class=\"elementor-column elementor-col-100 elementor-top-column elementor-element elementor-element-f47aaef\" data-id=\"f47aaef\" data-element_type=\"column\">\n\t\t\t<div class=\"elementor-widget-wrap elementor-element-populated\">\n\t\t\t\t\t\t<div class=\"elementor-element elementor-element-69a3434 elementor-widget elementor-widget-Royarch-Global-Widgets-About-Block\" data-id=\"69a3434\" data-element_type=\"widget\" data-widget_type=\"Royarch-Global-Widgets-About-Block.default\">\n\t\t\t\t<div class=\"elementor-widget-container\">\n\t\t\t\t\t        \r\n        <!-- about-section \r\n\t\t\t================================================== -->\r\n\t\t<section class=\"about-section\">\r\n\r\n\t\t\t<div class=\"container\">\r\n\t\t\t\t<div class=\"about-box\">\r\n\t\t\t\t\t<div class=\"row\">\r\n\t\t\t\t\t\t<div class=\"col-lg-6\">\r\n\t\t\t\t\t\t\t<div class=\"images\">\r\n\t\t\t\t\t\t\t\t<div class=\"row\">\r\n\t\t\t\t\t\t\t\t\t<div class=\"col-md-6\">\r\n\t\t\t\t\t\t\t\t\t\t\t\t\t\t\t\t\t\t\t\t\t<img data-src=\"http:\/\/fabric-lab.co\/royarch\/wp-content\/uploads\/sites\/9\/2021\/08\/about-grid-1.jpg\" alt>\r\n\t\t\t\t\t\t\t\t\t\t\t\t\t\t\t\t\t\t\t\t\t\t\t\t\t\t\t\t\t\t\t<img data-src=\"http:\/\/fabric-lab.co\/royarch\/wp-content\/uploads\/sites\/9\/2021\/08\/about-grid-2.jpg\" alt>\r\n\t\t\t\t\t\t\t\t\t\t\t\t\t\t\t\t\t\t\t<\/div>\r\n\t\t\t\t\t\t\t\t\t<div class=\"col-md-6\">\r\n\t\t\t\t\t\t\t\t\t\t\t\t\t\t\t\t\t\t\t\t\t<img  class=\"snd-size\" data-src=\"http:\/\/fabric-lab.co\/royarch\/wp-content\/uploads\/sites\/9\/2021\/08\/about-grid-3.jpg\" alt>\r\n\t\t\t\t\t\t\t\t\t\t\t\t\t\t\t\t\t\t\t<\/div>\r\n\t\t\t\t\t\t\t\t<\/div>\r\n\t\t\t\t\t\t\t<\/div>\r\n\t\t\t\t\t\t<\/div>\r\n\t\t\t\t\t\t<div class=\"col-lg-6\">\r\n\t\t\t\t\t\t\t<div class=\"about-content\">\r\n\t\t\t\t\t\t\t\t<h3>Oblikujemo transformativna mesta, na\u010drte in strategije, ki izbolj\u0161ujejo \u017eivljenje.<\/h3>\r\n\t\t\t\t\t\t\t\t<p>Lorem ipsum dolor sit amet, consectetur adipisicing elit, sed do eiusmod tempor incididunt ut labore et dolore magna aliqua.<\/p><p>Ut enim ad minim veniam, quis nostrud exercise ullamco laboris nisi ut aliquip ex ea commodo consequat. Duis aute irure dolor in reprehenderit in<\/p><ul class=\"feature-list\"><li>Notranje oblikovanje<\/li><li>Vektorsko oblikovanje<\/li><li>Odziven dizajn<\/li><\/ul>\t\t\t\t\t\t\t<\/div>\r\n\t\t\t\t\t\t<\/div>\r\n\t\t\t\t\t<\/div>\r\n\t\t\t\t<\/div>\r\n\t\t\t<\/div>\r\n\r\n\t\t<\/section>\r\n\t\t<!-- End about-section -->\r\n\t\t\t\r\n    \r\n    \t\t\t\t<\/div>\n\t\t\t\t<\/div>\n\t\t\t\t\t<\/div>\n\t\t<\/div>\n\t\t\t\t\t<\/div>\n\t\t<\/section>\n\t\t\t\t<section class=\"elementor-section elementor-top-section elementor-element elementor-element-3c3f506 elementor-section-full_width elementor-hidden-desktop elementor-hidden-tablet elementor-hidden-mobile elementor-section-height-default elementor-section-height-default\" data-id=\"3c3f506\" data-element_type=\"section\">\n\t\t\t\t\t\t<div class=\"elementor-container elementor-column-gap-no\">\n\t\t\t\t\t<div class=\"elementor-column elementor-col-100 elementor-top-column elementor-element elementor-element-a32ed75\" data-id=\"a32ed75\" data-element_type=\"column\">\n\t\t\t<div class=\"elementor-widget-wrap elementor-element-populated\">\n\t\t\t\t\t\t<div class=\"elementor-element elementor-element-bf09f84 elementor-widget elementor-widget-Royarch-Global-Widgets-Services-Block3\" data-id=\"bf09f84\" data-element_type=\"widget\" data-widget_type=\"Royarch-Global-Widgets-Services-Block3.default\">\n\t\t\t\t<div class=\"elementor-widget-container\">\n\t\t\t\t\t\n\t\t<!-- services-section3 \n\t\t\t================================================== -->\n\t\t<section class=\"services-section3\">\n\n\t\t\t<div class=\"container\">\n\t\t\t\t\t\t\t\t<div class=\"services-box3\">\n\t\t\t\t\t<div class=\"row g-0\">\n\t\t\t\t\t\t                        <div class=\"col-lg-4\">\n\t\t\t\t\t\t\t<div class=\"services-post3\">\n\t\t\t\t\t\t\t\t<a href=\"\">\n\t\t\t\t\t\t\t\t<svg aria-hidden=\"true\" class=\"e-font-icon-svg e-fas-ruler-combined\" viewbox=\"0 0 512 512\" xmlns=\"http:\/\/www.w3.org\/2000\/svg\"><path d=\"M160 288h-56c-4.42 0-8-3.58-8-8v-16c0-4.42 3.58-8 8-8h56v-64h-56c-4.42 0-8-3.58-8-8v-16c0-4.42 3.58-8 8-8h56V96h-56c-4.42 0-8-3.58-8-8V72c0-4.42 3.58-8 8-8h56V32c0-17.67-14.33-32-32-32H32C14.33 0 0 14.33 0 32v448c0 2.77.91 5.24 1.57 7.8L160 329.38V288zm320 64h-32v56c0 4.42-3.58 8-8 8h-16c-4.42 0-8-3.58-8-8v-56h-64v56c0 4.42-3.58 8-8 8h-16c-4.42 0-8-3.58-8-8v-56h-64v56c0 4.42-3.58 8-8 8h-16c-4.42 0-8-3.58-8-8v-56h-41.37L24.2 510.43c2.56.66 5.04 1.57 7.8 1.57h448c17.67 0 32-14.33 32-32v-96c0-17.67-14.33-32-32-32z\"><\/path><\/svg>\t\t\t\t\t\t\t\t<\/a>\n\t\t\t\t\t\t\t\t<h4>NA\u010cRTOVANJE<\/h4>\n\t\t\t\t\t\t\t\t<p>Kompleksna arhitektura, ki jo je zasnoval notranji oblikovalec <\/p>\n\t\t\t\t\t\t\t<\/div>\n\t\t\t\t\t\t<\/div>\n\n                                                <div class=\"col-lg-4\">\n\t\t\t\t\t\t\t<div class=\"services-post3\">\n\t\t\t\t\t\t\t\t<a href=\"\">\n\t\t\t\t\t\t\t\t<svg aria-hidden=\"true\" class=\"e-font-icon-svg e-fas-edit\" viewbox=\"0 0 576 512\" xmlns=\"http:\/\/www.w3.org\/2000\/svg\"><path d=\"M402.6 83.2l90.2 90.2c3.8 3.8 3.8 10 0 13.8L274.4 405.6l-92.8 10.3c-12.4 1.4-22.9-9.1-21.5-21.5l10.3-92.8L388.8 83.2c3.8-3.8 10-3.8 13.8 0zm162-22.9l-48.8-48.8c-15.2-15.2-39.9-15.2-55.2 0l-35.4 35.4c-3.8 3.8-3.8 10 0 13.8l90.2 90.2c3.8 3.8 10 3.8 13.8 0l35.4-35.4c15.2-15.3 15.2-40 0-55.2zM384 346.2V448H64V128h229.8c3.2 0 6.2-1.3 8.5-3.5l40-40c7.6-7.6 2.2-20.5-8.5-20.5H48C21.5 64 0 85.5 0 112v352c0 26.5 21.5 48 48 48h352c26.5 0 48-21.5 48-48V306.2c0-10.7-12.9-16-20.5-8.5l-40 40c-2.2 2.3-3.5 5.3-3.5 8.5z\"><\/path><\/svg>\t\t\t\t\t\t\t\t<\/a>\n\t\t\t\t\t\t\t\t<h4>Oblikovanje<\/h4>\n\t\t\t\t\t\t\t\t<p>Ponujamo vam neprimerljive dizajne <\/p>\n\t\t\t\t\t\t\t<\/div>\n\t\t\t\t\t\t<\/div>\n\n                                                <div class=\"col-lg-4\">\n\t\t\t\t\t\t\t<div class=\"services-post3\">\n\t\t\t\t\t\t\t\t<a href=\"\">\n\t\t\t\t\t\t\t\t<svg aria-hidden=\"true\" class=\"e-font-icon-svg e-fas-chart-line\" viewbox=\"0 0 512 512\" xmlns=\"http:\/\/www.w3.org\/2000\/svg\"><path d=\"M496 384H64V80c0-8.84-7.16-16-16-16H16C7.16 64 0 71.16 0 80v336c0 17.67 14.33 32 32 32h464c8.84 0 16-7.16 16-16v-32c0-8.84-7.16-16-16-16zM464 96H345.94c-21.38 0-32.09 25.85-16.97 40.97l32.4 32.4L288 242.75l-73.37-73.37c-12.5-12.5-32.76-12.5-45.25 0l-68.69 68.69c-6.25 6.25-6.25 16.38 0 22.63l22.62 22.62c6.25 6.25 16.38 6.25 22.63 0L192 237.25l73.37 73.37c12.5 12.5 32.76 12.5 45.25 0l96-96 32.4 32.4c15.12 15.12 40.97 4.41 40.97-16.97V112c.01-8.84-7.15-16-15.99-16z\"><\/path><\/svg>\t\t\t\t\t\t\t\t<\/a>\n\t\t\t\t\t\t\t\t<h4>Dokon\u010danje<\/h4>\n\t\t\t\t\t\t\t\t<p>Izberite slog, mi pa ga dopolnimo z na\u0161o datoteko <\/p>\n\t\t\t\t\t\t\t<\/div>\n\t\t\t\t\t\t<\/div>\n\n                        \t\t\t\t\t<\/div>\n\t\t\t\t<\/div>\n\t\t\t<\/div>\n\n\t\t<\/section>\n\t\t<!-- End services-section3 -->\n    \n    \t\t\t\t<\/div>\n\t\t\t\t<\/div>\n\t\t\t\t\t<\/div>\n\t\t<\/div>\n\t\t\t\t\t<\/div>\n\t\t<\/section>\n\t\t\t\t<section class=\"elementor-section elementor-top-section elementor-element elementor-element-008e22b elementor-section-full_width elementor-hidden-desktop elementor-hidden-tablet elementor-hidden-mobile elementor-section-height-default elementor-section-height-default\" data-id=\"008e22b\" data-element_type=\"section\">\n\t\t\t\t\t\t<div class=\"elementor-container elementor-column-gap-no\">\n\t\t\t\t\t<div class=\"elementor-column elementor-col-100 elementor-top-column elementor-element elementor-element-4ed374e\" data-id=\"4ed374e\" data-element_type=\"column\">\n\t\t\t<div class=\"elementor-widget-wrap elementor-element-populated\">\n\t\t\t\t\t\t<div class=\"elementor-element elementor-element-380568e elementor-widget elementor-widget-Royarch-Global-Widgets-Feature-Carousel-Block\" data-id=\"380568e\" data-element_type=\"widget\" data-widget_type=\"Royarch-Global-Widgets-Feature-Carousel-Block.default\">\n\t\t\t\t<div class=\"elementor-widget-container\">\n\t\t\t\t\t\n\n\n\t\t<!-- features-carousel-section\n\t\t\t================================================== -->\n\t\t<section class=\"features-carousel-section\">\n\n\t\t\t<div class=\"container\">\n\t\t\t\t<div class=\"features-carousel-box owl-wrapper\">\n\t\t\t\t\t<div class=\"owl-carousel owl-theme\" data-num=\"1\">\n\t\t\t\t\t\t\t\t\t\t\t\t<div class=\"item\">\n\t\t\t\t\t\t\t<div class=\"feature-post\">\n\t\t\t\t\t\t\t\t<div class=\"image-holder\">\n\t\t\t\t\t\t\t\t\t<img data-src=\"http:\/\/fabric-lab.co\/royarch\/wp-content\/uploads\/sites\/9\/2021\/08\/carousel-img1.jpg\" alt>\n\t\t\t\t\t\t\t\t<\/div>\n\t\t\t\t\t\t\t\t<div class=\"feature-post-content\">\n\t\t\t\t\t\t\t\t\t<span>na\u0161a specialnost<\/span>\n\t\t\t\t\t\t\t\t\t<h3><a href=\"\">Transformativni modeli<\/a><\/h3>\n\t\t\t\t\t\t\t\t<\/div>\n\t\t\t\t\t\t\t<\/div>\n\t\t\t\t\t\t<\/div>\n\n                        \t\t\t\t\t\t<div class=\"item\">\n\t\t\t\t\t\t\t<div class=\"feature-post\">\n\t\t\t\t\t\t\t\t<div class=\"image-holder\">\n\t\t\t\t\t\t\t\t\t<img data-src=\"http:\/\/fabric-lab.co\/royarch\/wp-content\/uploads\/sites\/9\/2021\/08\/services.jpg\" alt>\n\t\t\t\t\t\t\t\t<\/div>\n\t\t\t\t\t\t\t\t<div class=\"feature-post-content\">\n\t\t\t\t\t\t\t\t\t<span>na\u010drtovanje<\/span>\n\t\t\t\t\t\t\t\t\t<h3><a href=\"\">Zasnova prestrezanja<\/a><\/h3>\n\t\t\t\t\t\t\t\t<\/div>\n\t\t\t\t\t\t\t<\/div>\n\t\t\t\t\t\t<\/div>\n\n                        \t\t\t\t\t\t<div class=\"item\">\n\t\t\t\t\t\t\t<div class=\"feature-post\">\n\t\t\t\t\t\t\t\t<div class=\"image-holder\">\n\t\t\t\t\t\t\t\t\t<img data-src=\"http:\/\/fabric-lab.co\/royarch\/wp-content\/uploads\/sites\/9\/2021\/08\/home3_slide-01.jpg\" alt>\n\t\t\t\t\t\t\t\t<\/div>\n\t\t\t\t\t\t\t\t<div class=\"feature-post-content\">\n\t\t\t\t\t\t\t\t\t<span>veliko funkcij<\/span>\n\t\t\t\t\t\t\t\t\t<h3><a href=\"\">Funkcionalna finalizacija<\/a><\/h3>\n\t\t\t\t\t\t\t\t<\/div>\n\t\t\t\t\t\t\t<\/div>\n\t\t\t\t\t\t<\/div>\n\n                        \t\t\t\t\t\t\n\t\t\t\t\t<\/div>\n\t\t\t\t<\/div>\n\t\t\t<\/div>\n\n\t\t<\/section>\n\t\t<!-- End features-carousel-section -->\n    \n    \t\t\t\t<\/div>\n\t\t\t\t<\/div>\n\t\t\t\t\t<\/div>\n\t\t<\/div>\n\t\t\t\t\t<\/div>\n\t\t<\/section>\n\t\t\t\t<section class=\"elementor-section elementor-top-section elementor-element elementor-element-1fe79d5 elementor-section-full_width elementor-section-height-default elementor-section-height-default\" data-id=\"1fe79d5\" data-element_type=\"section\">\n\t\t\t\t\t\t<div class=\"elementor-container elementor-column-gap-no\">\n\t\t\t\t\t<div class=\"elementor-column elementor-col-100 elementor-top-column elementor-element elementor-element-f049f35\" data-id=\"f049f35\" data-element_type=\"column\">\n\t\t\t<div class=\"elementor-widget-wrap elementor-element-populated\">\n\t\t\t\t\t\t<div class=\"elementor-element elementor-element-4b1c7b4 elementor-widget-divider--view-line elementor-widget elementor-widget-divider\" data-id=\"4b1c7b4\" data-element_type=\"widget\" data-widget_type=\"divider.default\">\n\t\t\t\t<div class=\"elementor-widget-container\">\n\t\t\t\t\t\t\t<div class=\"elementor-divider\">\n\t\t\t<span class=\"elementor-divider-separator\">\n\t\t\t\t\t\t<\/span>\n\t\t<\/div>\n\t\t\t\t\t\t<\/div>\n\t\t\t\t<\/div>\n\t\t\t\t\t<\/div>\n\t\t<\/div>\n\t\t\t\t\t<\/div>\n\t\t<\/section>\n\t\t\t\t<section class=\"elementor-section elementor-top-section elementor-element elementor-element-01f6eb1 elementor-section-full_width elementor-hidden-desktop elementor-hidden-tablet elementor-hidden-mobile elementor-section-height-default elementor-section-height-default\" data-id=\"01f6eb1\" data-element_type=\"section\">\n\t\t\t\t\t\t<div class=\"elementor-container elementor-column-gap-no\">\n\t\t\t\t\t<div class=\"elementor-column elementor-col-100 elementor-top-column elementor-element elementor-element-80a2895\" data-id=\"80a2895\" data-element_type=\"column\">\n\t\t\t<div class=\"elementor-widget-wrap elementor-element-populated\">\n\t\t\t\t\t\t<div class=\"elementor-element elementor-element-0b9b0f1 elementor-widget elementor-widget-Royarch-Global-Widgets-Features-Block\" data-id=\"0b9b0f1\" data-element_type=\"widget\" data-widget_type=\"Royarch-Global-Widgets-Features-Block.default\">\n\t\t\t\t<div class=\"elementor-widget-container\">\n\t\t\t\t\t        \n\n\t\t<!-- features-section\n\t\t\t================================================== -->\n\t\t<section class=\"features-section\">\n\n\t\t\t<div class=\"container\">\n\t\t\t\t<div class=\"features-box\">\n\t\t\t\t\t<div class=\"row\">\n\t\t\t\t\t\t<div class=\"col-lg-5\">\n\t\t\t\t\t\t\t<div class=\"feature-content\">\n\t\t\t\t\t\t\t\t<h3>Transformacijsko oblikovanje<\/h3>\n\t\t\t\t\t\t\t\t<p>Lorem ipsum dolor sit amet, consectetur adipisicing elit, sed do eiusmod tempor incididunt ut labore et dolore magna aliqua. Ut enim ad minim veniam<\/p>\n\t\t\t\t\t\t\t\t<a href=\"http:\/\/localhost:8888\/royarch\/about\/\" class=\"theme-button\"><span>Ve\u010d informacij<\/span><\/a>\n\t\t\t\t\t\t\t<\/div>\n\t\t\t\t\t\t<\/div>\n\t\t\t\t\t\t<div class=\"col-lg-7\">\n\t\t\t\t\t\t\t<div class=\"image-holder\">\n\t\t\t\t\t\t\t\t\t\t\t\t\t\t\t\t\t<img data-src=\"http:\/\/fabric-lab.co\/royarch\/wp-content\/uploads\/sites\/9\/2021\/08\/transformational_designs.png\" alt>\n\t\t\t\t\t\t\t\t\t\t\t\t\t\t\t<\/div>\n\t\t\t\t\t\t<\/div>\n\t\t\t\t\t<\/div>\n\t\t\t\t<\/div>\n\t\t\t<\/div>\n\n\t\t<\/section>\n\t\t<!-- End features-section -->\n\t\t\t\n    \n    \t\t\t\t<\/div>\n\t\t\t\t<\/div>\n\t\t\t\t\t<\/div>\n\t\t<\/div>\n\t\t\t\t\t<\/div>\n\t\t<\/section>\n\t\t\t\t<section class=\"elementor-section elementor-top-section elementor-element elementor-element-efb16ac elementor-section-full_width elementor-section-height-default elementor-section-height-default\" data-id=\"efb16ac\" data-element_type=\"section\">\n\t\t\t\t\t\t<div class=\"elementor-container elementor-column-gap-no\">\n\t\t\t\t\t<div class=\"elementor-column elementor-col-100 elementor-top-column elementor-element elementor-element-bf85d12\" data-id=\"bf85d12\" data-element_type=\"column\">\n\t\t\t<div class=\"elementor-widget-wrap elementor-element-populated\">\n\t\t\t\t\t\t<div class=\"elementor-element elementor-element-7297444 elementor-widget-divider--view-line elementor-widget elementor-widget-divider\" data-id=\"7297444\" data-element_type=\"widget\" data-widget_type=\"divider.default\">\n\t\t\t\t<div class=\"elementor-widget-container\">\n\t\t\t\t\t\t\t<div class=\"elementor-divider\">\n\t\t\t<span class=\"elementor-divider-separator\">\n\t\t\t\t\t\t<\/span>\n\t\t<\/div>\n\t\t\t\t\t\t<\/div>\n\t\t\t\t<\/div>\n\t\t\t\t\t<\/div>\n\t\t<\/div>\n\t\t\t\t\t<\/div>\n\t\t<\/section>\n\t\t\t\t<section class=\"elementor-section elementor-top-section elementor-element elementor-element-0d22b39 elementor-section-full_width elementor-hidden-desktop elementor-hidden-tablet elementor-hidden-mobile elementor-section-height-default elementor-section-height-default\" data-id=\"0d22b39\" data-element_type=\"section\">\n\t\t\t\t\t\t<div class=\"elementor-container elementor-column-gap-no\">\n\t\t\t\t\t<div class=\"elementor-column elementor-col-100 elementor-top-column elementor-element elementor-element-b9b8830\" data-id=\"b9b8830\" data-element_type=\"column\">\n\t\t\t<div class=\"elementor-widget-wrap elementor-element-populated\">\n\t\t\t\t\t\t<div class=\"elementor-element elementor-element-fdaf549 elementor-widget elementor-widget-Royarch-Global-Widgets-Features-Block2\" data-id=\"fdaf549\" data-element_type=\"widget\" data-widget_type=\"Royarch-Global-Widgets-Features-Block2.default\">\n\t\t\t\t<div class=\"elementor-widget-container\">\n\t\t\t\t\t        \n        <!-- features-section2\n\t\t\t================================================== -->\n\t\t<section class=\"features-section2\">\n\n\t\t\t<div class=\"container\">\n\t\t\t\t<div class=\"features-box2\">\n\t\t\t\t\t<div class=\"row\">\n\t\t\t\t\t\t<div class=\"col-lg-6\">\n\t\t\t\t\t\t\t<div class=\"images-box\">\n\t\t\t\t\t\t\t\t<div class=\"row\">\n\t\t\t\t\t\t\t\t\t<div class=\"col-md-6\">\n\t\t\t\t\t\t\t\t\t\t<div class=\"image-holder\">\n\t\t\t\t\t\t\t\t\t\t\t\t\t\t\t\t\t\t\t\t\t\t\t<img data-src=\"http:\/\/fabric-lab.co\/royarch\/wp-content\/uploads\/sites\/9\/2021\/08\/feature-img-1.jpg\" alt>\n\t\t\t\t\t\t\t\t\t\t\t\t\t\t\t\t\t\t\t\t\t\t<a href=\"\">Gradbeni\u0161tvo<\/a>\n\t\t\t\t\t\t\t\t\t\t<\/div>\n\t\t\t\t\t\t\t\t\t<\/div>\n\t\t\t\t\t\t\t\t\t<div class=\"col-md-6\">\n\t\t\t\t\t\t\t\t\t\t<div class=\"image-holder\">\n\t\t\t\t\t\t\t\t\t\t\t\t\t\t\t\t\t\t\t\t\t\t\t<img data-src=\"http:\/\/fabric-lab.co\/royarch\/wp-content\/uploads\/sites\/9\/2021\/08\/feature-img-2.png\" alt>\n\t\t\t\t\t\t\t\t\t\t\t\t\t\t\t\t\t\t\t\t\t\t<a href=\"\">Moderna arhitektura<\/a>\n\t\t\t\t\t\t\t\t\t\t<\/div>\n\t\t\t\t\t\t\t\t\t<\/div>\n\t\t\t\t\t\t\t\t<\/div>\n\t\t\t\t\t\t\t<\/div>\n\t\t\t\t\t\t<\/div>\n\t\t\t\t\t\t<div class=\"col-lg-6\">\n\t\t\t\t\t\t\t<div class=\"feature-content\">\n\t\t\t\t\t\t\t\t<span>neverjetne lastnosti<\/span>\n\t\t\t\t\t\t\t\t<h3>Tema kraljevega arhitekta<\/h3>\n\t\t\t\t\t\t\t\t<p>Lorem ipsum dolor sit amet, consectetur adipisicing elit sed doreas m od tempor incididunt ut labore et dolore magna aliqua. Ut enim ad minim veniam, quis nostrud exercise ullamco labo\n<\/p>\n\t\t\t\t\t\t\t<\/div>\n\t\t\t\t\t\t<\/div>\n\t\t\t\t\t<\/div>\n\t\t\t\t<\/div>\n\t\t\t<\/div>\n\n\t\t<\/section>\n\t\t<!-- End features-section -->\n\t\t\t\n    \n    \t\t\t\t<\/div>\n\t\t\t\t<\/div>\n\t\t\t\t\t<\/div>\n\t\t<\/div>\n\t\t\t\t\t<\/div>\n\t\t<\/section>\n\t\t\t\t<section class=\"elementor-section elementor-top-section elementor-element elementor-element-1f27e1c elementor-section-full_width elementor-hidden-desktop elementor-hidden-tablet elementor-hidden-mobile elementor-section-height-default elementor-section-height-default\" data-id=\"1f27e1c\" data-element_type=\"section\">\n\t\t\t\t\t\t<div class=\"elementor-container elementor-column-gap-no\">\n\t\t\t\t\t<div class=\"elementor-column elementor-col-100 elementor-top-column elementor-element elementor-element-9c3f024\" data-id=\"9c3f024\" data-element_type=\"column\">\n\t\t\t<div class=\"elementor-widget-wrap elementor-element-populated\">\n\t\t\t\t\t\t<div class=\"elementor-element elementor-element-32a94d6 elementor-widget elementor-widget-Royarch-Global-Widgets-Services-Block6\" data-id=\"32a94d6\" data-element_type=\"widget\" data-widget_type=\"Royarch-Global-Widgets-Services-Block6.default\">\n\t\t\t\t<div class=\"elementor-widget-container\">\n\t\t\t\t\t\n\n\t\t<!-- services-section6 \n\t\t\t================================================== -->\n\t\t<section class=\"services-section6\">\n\n\t\t\t<div class=\"container\">\n\t\t\t\t<div class=\"services-box6\">\n\t\t\t\t\t<div class=\"row\">\n\t\t\t\t\t\t<div class=\"col-lg-6\">\n\t\t\t\t\t\t\t<div class=\"title-box\">\n\t\t\t\t\t\t\t\t<span>Podjetje leta<\/span>\n\t\t\t\t\t\t\t\t<h2>Nagrajeno podjetje<\/h2>\n\t\t\t\t\t\t\t<\/div>\n\n\t\t\t\t\t\t\t\t\t\t\t\t\t\t<div class=\"services-post6\">\n\t\t\t\t\t\t\t\t<a href=\"\" class=\"icon\">\n\t\t\t\t\t\t\t\t\t\t\t\t\t\t\t\t\t\t\t<span class=\"material-icons md-filter_list\">\n\t\t\t\t\t\t\t\t\t\tseznam_filtrov\t\t\t\t\t\t\t\t\t\t<\/span>\n\t\t\t\t\t\t\t\t\t\t\t\t\t\t\t\t\t\t<\/a>\n\t\t\t\t\t\t\t\t<div class=\"serv-content\">\n\t\t\t\t\t\t\t\t\t<h4>Kreativne arhitekturne zasnove<\/h4>\n\t\t\t\t\t\t\t\t\t<p>Lorem ipsum dolor sit amet, consectetur adipisicing elit sed do eiusmod tempor incididunt<\/p>\n\t\t\t\t\t\t\t\t<\/div>\n\t\t\t\t\t\t\t<\/div>\n                        \t\t\t\t\t\t\t\t<div class=\"services-post6\">\n\t\t\t\t\t\t\t\t<a href=\"\" class=\"icon\">\n\t\t\t\t\t\t\t\t\t\t\t\t\t\t\t\t\t\t\t<span class=\"material-icons md-crop_rotate\">\n\t\t\t\t\t\t\t\t\t\tvrtenje_obrezovanja\t\t\t\t\t\t\t\t\t\t<\/span>\n\t\t\t\t\t\t\t\t\t\t\t\t\t\t\t\t\t\t<\/a>\n\t\t\t\t\t\t\t\t<div class=\"serv-content\">\n\t\t\t\t\t\t\t\t\t<h4>Veselje najbolj\u0161ega \u017eivljenja<\/h4>\n\t\t\t\t\t\t\t\t\t<p>Lorem ipsum dolor sit amet, consectetur adipisicing elit sed do eiusmod tempor incididunt<\/p>\n\t\t\t\t\t\t\t\t<\/div>\n\t\t\t\t\t\t\t<\/div>\n                        \t\t\t\t\t\t\t\t<div class=\"services-post6\">\n\t\t\t\t\t\t\t\t<a href=\"\" class=\"icon\">\n\t\t\t\t\t\t\t\t\t\t\t\t\t\t\t\t\t\t\t<span class=\"material-icons md-straighten\">\n\t\t\t\t\t\t\t\t\t\tzravnaj\t\t\t\t\t\t\t\t\t\t<\/span>\n\t\t\t\t\t\t\t\t\t\t\t\t\t\t\t\t\t\t<\/a>\n\t\t\t\t\t\t\t\t<div class=\"serv-content\">\n\t\t\t\t\t\t\t\t\t<h4>Profesionalno na\u010drtovanje<\/h4>\n\t\t\t\t\t\t\t\t\t<p>Lorem ipsum dolor sit amet, consectetur adipisicing elit sed do eiusmod tempor incididunt<\/p>\n\t\t\t\t\t\t\t\t<\/div>\n\t\t\t\t\t\t\t<\/div>\n                        \t\n\t\t\t\t\t\t<\/div>\n\t\t\t\t\t\t<div class=\"col-lg-6\">\n\t\t\t\t\t\t\t<div class=\"image-holder\">\n\t\t\t\t\t\t\t\t\t\t\t\t\t\t\t\t\t<img data-src=\"http:\/\/fabric-lab.co\/royarch\/wp-content\/uploads\/sites\/9\/2021\/08\/services.jpg\" alt>\n\t\t\t\t\t\t\t\t\t\t\t\t\t\t\t\t<a class=\"serv-link\" href=\"http:\/\/localhost:8888\/royarch\/services\/\">\n\t\t\t\t\t\t\t\t\tStoritve\t\t\t\t\t\t\t\t\t<i class=\"fas fa-long-arrow-alt-right\"><\/i>\n\t\t\t\t\t\t\t\t<\/a>\n\t\t\t\t\t\t\t<\/div>\n\t\t\t\t\t\t<\/div>\n\t\t\t\t\t<\/div>\n\t\t\t\t<\/div>\n\t\t\t<\/div>\n\n\t\t<\/section>\n\t\t<!-- End services-section6 -->\n    \n    \t\t\t\t<\/div>\n\t\t\t\t<\/div>\n\t\t\t\t\t<\/div>\n\t\t<\/div>\n\t\t\t\t\t<\/div>\n\t\t<\/section>\n\t\t\t\t<section class=\"elementor-section elementor-top-section elementor-element elementor-element-242399a elementor-section-boxed elementor-section-height-default elementor-section-height-default\" data-id=\"242399a\" data-element_type=\"section\">\n\t\t\t\t\t\t<div class=\"elementor-container elementor-column-gap-default\">\n\t\t\t\t\t<div class=\"elementor-column elementor-col-100 elementor-top-column elementor-element elementor-element-f9ae0c6\" data-id=\"f9ae0c6\" data-element_type=\"column\">\n\t\t\t<div class=\"elementor-widget-wrap elementor-element-populated\">\n\t\t\t\t\t\t<div class=\"elementor-element elementor-element-610d128 elementor-widget elementor-widget-text-editor\" data-id=\"610d128\" data-element_type=\"widget\" data-widget_type=\"text-editor.default\">\n\t\t\t\t<div class=\"elementor-widget-container\">\n\t\t\t\t\t\t\t\t\t<p><span style=\"color: #ffffff;\">URBANGRAD doo iz Grada\u010dca je dru\u017einsko podjetje, ki se ukvarja z izdelavo jeklenih konstrukcij in obdelavo plo\u010devine.<\/span><\/p><p><span style=\"color: #ffffff;\">Celotna proizvodnja poteka v lastnem proizvodnem obratu na povr\u0161ini pribli\u017eno 2500 m\u00b2.<sup>2<\/sup> ki je opremljena z najsodobnej\u0161o tehnologijo za obdelavo kovin, kot so vlakenski laser 6kW, cnc stiskalnica 200 ton, tra\u010dne \u017eage, avtomatska linija za proizvodnjo konstrukcijskih pocinkanih C in Z profilov, avtomatska linija za proizvodnjo konstrukcijske trapezne plo\u010devine TR230, ter veliko \u0161tevilo varilnih naprav za MIG\/MAG, TIG, pulzno in lasersko varjenje, komora za peskanje in komora za barvanje.<\/span><\/p><p><span style=\"color: #ffffff;\">Na\u0161a proizvodnja jeklenih konstrukcij je bila podvr\u017eena strogim kontrolam s strani Nem\u0161kega in\u0161tituta za varjenje. Vsi na\u0161i izdelki imajo potrebne certifikate, ki potrjujejo kakovost na\u0161ih izdelkov in proizvodnih procesov. Mednje spadajo certifikati EN1090-2 za varjene jeklene konstrukcije, EN3834-2 za varjene sklope, EN1090-4 za proizvodnjo tankostenskih profilov in posledi\u010dno certifikati CE za skladnost s standardi EU.<\/span><\/p><p><span style=\"color: #ffffff;\">Na\u0161 cilj je zagotoviti varne in visokokakovostne jeklene konstrukcije, ki bodo zadovoljile vse va\u0161e potrebe in zahteve.<\/span><\/p><p><span style=\"color: #ffffff;\">\u010ce i\u0161\u010dete zanesljivega partnerja na podro\u010dju jeklenih konstrukcij in obdelave plo\u010devine, nas kontaktirajte in ugotovite, kako vam lahko pomagamo pri uresni\u010ditvi va\u0161ega projekta.<\/span><\/p>\t\t\t\t\t\t\t\t<\/div>\n\t\t\t\t<\/div>\n\t\t\t\t\t<\/div>\n\t\t<\/div>\n\t\t\t\t\t<\/div>\n\t\t<\/section>\n\t\t\t\t<\/div>","protected":false},"excerpt":{"rendered":"<p>Oblikujemo transformacijska mesta, na\u010drte in strategije, ki izbolj\u0161ujejo \u017eivljenje. Lorem ipsum dolor sit amet, consectetur adipisicing elit, sed do eiusmod tempor incididunt ut labore et dolore magna aliqua. Ut enim ad minim veniam, quis nostrud exercise ullamco laboris nisi ut aliquip ex ea commodo consequat. Duis aute irure dolor in reprehenderit in Interior Design <\/p>","protected":false},"author":1,"featured_media":0,"parent":0,"menu_order":0,"comment_status":"closed","ping_status":"closed","template":"","meta":{"footnotes":""},"class_list":["post-58","page","type-page","status-publish","hentry"],"_links":{"self":[{"href":"https:\/\/www.urbangrad.ba\/sl\/wp-json\/wp\/v2\/pages\/58","targetHints":{"allow":["GET"]}}],"collection":[{"href":"https:\/\/www.urbangrad.ba\/sl\/wp-json\/wp\/v2\/pages"}],"about":[{"href":"https:\/\/www.urbangrad.ba\/sl\/wp-json\/wp\/v2\/types\/page"}],"author":[{"embeddable":true,"href":"https:\/\/www.urbangrad.ba\/sl\/wp-json\/wp\/v2\/users\/1"}],"replies":[{"embeddable":true,"href":"https:\/\/www.urbangrad.ba\/sl\/wp-json\/wp\/v2\/comments?post=58"}],"version-history":[{"count":16,"href":"https:\/\/www.urbangrad.ba\/sl\/wp-json\/wp\/v2\/pages\/58\/revisions"}],"predecessor-version":[{"id":3390,"href":"https:\/\/www.urbangrad.ba\/sl\/wp-json\/wp\/v2\/pages\/58\/revisions\/3390"}],"wp:attachment":[{"href":"https:\/\/www.urbangrad.ba\/sl\/wp-json\/wp\/v2\/media?parent=58"}],"curies":[{"name":"delovni list","href":"https:\/\/api.w.org\/{rel}","templated":true}]}}